{"id":3476,"date":"2020-03-05T06:24:30","date_gmt":"2020-03-05T06:24:30","guid":{"rendered":"http:\/\/cabezaldeimpresion.belgraf.es\/product\/clp-4121\/"},"modified":"2022-02-21T10:23:39","modified_gmt":"2022-02-21T10:23:39","slug":"cabezal-termico-citizen-clp-4121-ja99502-ja99272","status":"publish","type":"product","link":"https:\/\/www.cabezaldeimpresion.com\/pt\/cabezal\/cabezal-termico-citizen-clp-4121-ja99502-ja99272\/","title":{"rendered":"Cabe\u00e7a t\u00e9rmica Citizen CLP 4121 JA99502 JA99272"},"content":{"rendered":"","protected":false},"excerpt":{"rendered":"<p>Cabe\u00e7a t\u00e9rmica Citizen CLP 4121 JA99502 JA99272 16 DOTS 400 DPI<\/p>","protected":false},"featured_media":0,"template":"","meta":[],"_links":{"self":[{"href":"https:\/\/www.cabezaldeimpresion.com\/pt\/wp-json\/wp\/v2\/product\/3476"}],"collection":[{"href":"https:\/\/www.cabezaldeimpresion.com\/pt\/wp-json\/wp\/v2\/product"}],"about":[{"href":"https:\/\/www.cabezaldeimpresion.com\/pt\/wp-json\/wp\/v2\/types\/product"}],"wp:attachment":[{"href":"https:\/\/www.cabezaldeimpresion.com\/pt\/wp-json\/wp\/v2\/media?parent=3476"}],"curies":[{"name":"wp","href":"https:\/\/api.w.org\/{rel}","templated":true}]}}