{"id":3373,"date":"2020-03-05T06:24:07","date_gmt":"2020-03-05T06:24:07","guid":{"rendered":"http:\/\/cabezaldeimpresion.belgraf.es\/product\/mn-4203-mn-4204\/"},"modified":"2022-02-23T13:21:52","modified_gmt":"2022-02-23T13:21:52","slug":"cabezal-termico-meto-mn-4203-mn-4204-20-2192-01","status":"publish","type":"product","link":"https:\/\/www.cabezaldeimpresion.com\/pt\/cabezal\/cabezal-termico-meto-mn-4203-mn-4204-20-2192-01\/","title":{"rendered":"cabe\u00e7a t\u00e9rmica Meto MN-4203 MN-4204 20-2192-01"},"content":{"rendered":"","protected":false},"excerpt":{"rendered":"<p>cabe\u00e7a t\u00e9rmica Meto MN-4203 MN-4204 20-2192-01<br \/>200 PPP<\/p>","protected":false},"featured_media":0,"template":"","meta":[],"_links":{"self":[{"href":"https:\/\/www.cabezaldeimpresion.com\/pt\/wp-json\/wp\/v2\/product\/3373"}],"collection":[{"href":"https:\/\/www.cabezaldeimpresion.com\/pt\/wp-json\/wp\/v2\/product"}],"about":[{"href":"https:\/\/www.cabezaldeimpresion.com\/pt\/wp-json\/wp\/v2\/types\/product"}],"wp:attachment":[{"href":"https:\/\/www.cabezaldeimpresion.com\/pt\/wp-json\/wp\/v2\/media?parent=3373"}],"curies":[{"name":"wp","href":"https:\/\/api.w.org\/{rel}","templated":true}]}}