{"id":3158,"date":"2020-03-05T06:23:08","date_gmt":"2020-03-05T06:23:08","guid":{"rendered":"http:\/\/cabezaldeimpresion.belgraf.es\/product\/privilege-2\/"},"modified":"2022-02-16T13:55:19","modified_gmt":"2022-02-16T13:55:19","slug":"cabezal-termico-zebra-privilege-105909-112","status":"publish","type":"product","link":"https:\/\/www.cabezaldeimpresion.com\/pt\/cabezal\/cabezal-termico-zebra-privilege-105909-112\/","title":{"rendered":"Cabe\u00e7a t\u00e9rmica Zebra Privilege 105909-112"},"content":{"rendered":"","protected":false},"excerpt":{"rendered":"<p>Cabe\u00e7a t\u00e9rmica Zebra Privilege 105909-112<\/p>","protected":false},"featured_media":0,"template":"","meta":[],"_links":{"self":[{"href":"https:\/\/www.cabezaldeimpresion.com\/pt\/wp-json\/wp\/v2\/product\/3158"}],"collection":[{"href":"https:\/\/www.cabezaldeimpresion.com\/pt\/wp-json\/wp\/v2\/product"}],"about":[{"href":"https:\/\/www.cabezaldeimpresion.com\/pt\/wp-json\/wp\/v2\/types\/product"}],"wp:attachment":[{"href":"https:\/\/www.cabezaldeimpresion.com\/pt\/wp-json\/wp\/v2\/media?parent=3158"}],"curies":[{"name":"wp","href":"https:\/\/api.w.org\/{rel}","templated":true}]}}