{"id":3157,"date":"2020-03-05T06:23:08","date_gmt":"2020-03-05T06:23:08","guid":{"rendered":"http:\/\/cabezaldeimpresion.belgraf.es\/product\/privilege\/"},"modified":"2022-02-16T13:56:01","modified_gmt":"2022-02-16T13:56:01","slug":"cabezal-termico-zebra-privilege-105909-048","status":"publish","type":"product","link":"https:\/\/www.cabezaldeimpresion.com\/pt\/cabezal\/cabezal-termico-zebra-privilege-105909-048\/","title":{"rendered":"Cabe\u00e7a t\u00e9rmica Zebra Privilege 105909-048"},"content":{"rendered":"","protected":false},"excerpt":{"rendered":"<p>Cabe\u00e7a t\u00e9rmica Zebra Privilege 105909-048<\/p>","protected":false},"featured_media":0,"template":"","meta":[],"_links":{"self":[{"href":"https:\/\/www.cabezaldeimpresion.com\/pt\/wp-json\/wp\/v2\/product\/3157"}],"collection":[{"href":"https:\/\/www.cabezaldeimpresion.com\/pt\/wp-json\/wp\/v2\/product"}],"about":[{"href":"https:\/\/www.cabezaldeimpresion.com\/pt\/wp-json\/wp\/v2\/types\/product"}],"wp:attachment":[{"href":"https:\/\/www.cabezaldeimpresion.com\/pt\/wp-json\/wp\/v2\/media?parent=3157"}],"curies":[{"name":"wp","href":"https:\/\/api.w.org\/{rel}","templated":true}]}}