{"id":3729,"date":"2020-03-09T18:00:52","date_gmt":"2020-03-09T18:00:52","guid":{"rendered":"http:\/\/cabezaldeimpresion.belgraf.es\/?page_id=3729"},"modified":"2021-10-15T10:45:26","modified_gmt":"2021-10-15T10:45:26","slug":"aviso-legal","status":"publish","type":"page","link":"https:\/\/www.cabezaldeimpresion.com\/pt\/aviso-legal\/","title":{"rendered":"Aviso Legal"},"content":{"rendered":"<div      class=\"vc_row wpb_row section vc_row-fluid\" style=' text-align:left;'><div class=\"full_section_inner clearfix\"><div class=\"wpb_column vc_column_container vc_col-sm-12\"><div class=\"vc_column-inner\"><div class=\"wpb_wrapper\">\n\t<div class=\"wpb_text_column wpb_content_element\">\n\t\t<div class=\"wpb_wrapper\">\n\t\t\t<p style=\"font-weight: 400;\"><strong>DADOS DE IDENTIFICA\u00c7\u00c3O<\/strong><\/p>\n<p style=\"font-weight: 400;\">Em cumprimento ao dever de informa\u00e7\u00e3o contido no artigo 10 da Lei 34\/2002, de 11 de julho, Servi\u00e7os da Sociedade da Informa\u00e7\u00e3o e Com\u00e9rcio Eletr\u00f4nico, a seguinte informa\u00e7\u00e3o se reflete a seguir: A empresa propriet\u00e1ria desta p\u00e1gina web \u00e9 BELTRAN MU\u00d1OZ, .SL . com endere\u00e7o na Avd. Redondela, 60 - 36320 REDONDELA (Pontevedra) Espanha, email: info@belgraf.com, contato telef\u00f4nico: 986 33 50 22, com n\u00famero CIF: B-36.846.947, inscrito no Registro Mercantil de PONTEVEDRA Volume : 2236, Folha: 138, Folha: PO-22614,<\/p>\n<p style=\"font-weight: 400;\"><strong>INFORMA\u00c7\u00d5ES ADICIONAIS SOBRE PROTE\u00c7\u00c3O DE DADOS:<\/strong><\/p>\n<p style=\"font-weight: 400;\"><strong>1)\u00a0\u00a0\u00a0\u00a0\u00a0\u00a0\u00a0<\/strong><strong>RESPONS\u00c1VEL: Quem \u00e9 o respons\u00e1vel pelo processamento dos seus dados?<\/strong><\/p>\n<p style=\"font-weight: 400;\">Identidade: BELTRAN MU\u00d1OZ, .SL. - CIF: B-36.846.947<\/p>\n<p style=\"font-weight: 400;\">Endere\u00e7o Postal: Avd. Redondela, 60 36320 - Redondela (PONTEVEDRA)<\/p>\n<p style=\"font-weight: 400;\">Telefone: 986 33 50 22 -Email: info@belgraf.com<\/p>\n<p style=\"font-weight: 400;\"><strong>2)\u00a0\u00a0\u00a0\u00a0\u00a0\u00a0\u00a0<\/strong><strong>OBJETIVO: Com que finalidade processamos seus dados pessoais?<\/strong><\/p>\n<p style=\"font-weight: 400;\">Em BELTRAN MU\u00d1OZ, .SL. Tratamos as informa\u00e7\u00f5es prestadas pelos interessados para os seguintes fins:<\/p>\n<p style=\"font-weight: 400;\">- Apresentar or\u00e7amentos com informa\u00e7\u00f5es sobre nossos produtos e servi\u00e7os<\/p>\n<p style=\"font-weight: 400;\">- Fornecer o servi\u00e7o solicitado, cobrando por ele.<\/p>\n<p style=\"font-weight: 400;\"><strong>3)\u00a0\u00a0\u00a0\u00a0\u00a0\u00a0\u00a0<\/strong><strong>LIMITA\u00c7\u00c3O DO PER\u00cdODO DE CONSERVA\u00c7\u00c3O Por quanto tempo manteremos seus dados?<\/strong><\/p>\n<p style=\"font-weight: 400;\">Os dados fornecidos ser\u00e3o guardados enquanto for mantida a rela\u00e7\u00e3o comercial ou durante os anos necess\u00e1rios ao cumprimento das obriga\u00e7\u00f5es legais.<\/p>\n<p style=\"font-weight: 400;\"><strong>4)\u00a0\u00a0\u00a0\u00a0\u00a0\u00a0\u00a0<\/strong><strong>LEGITIMA\u00c7\u00c3O: Qual \u00e9 a legitimidade para o processamento de seus dados?<\/strong><\/p>\n<p style=\"font-weight: 400;\">A base legal para o tratamento dos dados \u00e9 o consentimento obtido do interessado, al\u00e9m da contrata\u00e7\u00e3o de servi\u00e7os.<\/p>\n<p style=\"font-weight: 400;\"><strong>5)\u00a0\u00a0\u00a0\u00a0\u00a0\u00a0\u00a0<\/strong><strong>DESTINAT\u00c1RIOS: Para quais destinat\u00e1rios seus dados ser\u00e3o comunicados?<\/strong><\/p>\n<p style=\"font-weight: 400;\">Os dados ser\u00e3o comunicados a:<\/p>\n<p style=\"font-weight: 400;\">-          Administra\u00e7\u00e3o fiscal<\/p>\n<p style=\"font-weight: 400;\">- Bancos e entidades financeiras<\/p>\n<p style=\"font-weight: 400;\">- Gest\u00e3o<\/p>\n<p style=\"font-weight: 400;\"><strong>6)\u00a0\u00a0\u00a0\u00a0\u00a0\u00a0\u00a0<\/strong><strong>DIREITOS: Quais s\u00e3o seus direitos ao nos fornecer seus dados?<\/strong><\/p>\n<p style=\"font-weight: 400;\">Qualquer pessoa tem o direito de obter confirma\u00e7\u00e3o sobre se BELTRAN MU\u00d1OZ, .SL. estamos tratando dados pessoais que lhes dizem respeito, ou n\u00e3o.<\/p>\n<p style=\"font-weight: 400;\">As pessoas interessadas t\u00eam o direito de\u00a0<strong>acessar<\/strong>\u00a0aos seus dados pessoais, bem como\u00a0<strong>solicitar retifica\u00e7\u00e3o<\/strong>\u00a0de dados imprecisos ou, quando apropriado,\u00a0<strong>solicitar sua exclus\u00e3o<\/strong>\u00a0Quando, entre outros motivos, os dados deixam de ser necess\u00e1rios para os fins para os quais foram recolhidos.<\/p>\n<p style=\"font-weight: 400;\">Em certas circunst\u00e2ncias, as partes interessadas podem\u00a0<strong>solicite o<\/strong>\u00a0<strong>limita\u00e7\u00e3o do tratamento<\/strong>\u00a0dos seus dados, caso em que apenas os guardaremos para o exerc\u00edcio ou defesa de reclama\u00e7\u00f5es.<\/p>\n<p style=\"font-weight: 400;\">Em determinadas circunst\u00e2ncias e por raz\u00f5es relacionadas com a sua situa\u00e7\u00e3o particular, as partes interessadas podem\u00a0<strong>objeto de tratamento<\/strong>\u00a0de seus dados. BELTRAN MU\u00d1OZ, .SL. interromper\u00e1 o processamento dos dados, exceto por motivos leg\u00edtimos imperiosos ou para o exerc\u00edcio ou defesa de poss\u00edveis reivindica\u00e7\u00f5es.<\/p>\n<p style=\"font-weight: 400;\">O interessado tem o direito de retirar o consentimento a qualquer momento, sem afetar a legalidade do tratamento com base no consentimento anterior \u00e0 sua retirada.<\/p>\n<p style=\"font-weight: 400;\">Para obter informa\u00e7\u00f5es adicionais sobre seus direitos, visite o site da Ag\u00eancia Espanhola de Prote\u00e7\u00e3o de Dados (<a href=\"https:\/\/www.agpd.es\/\">https:\/\/www.agpd.es\/<\/a>)<\/p>\n<p style=\"font-weight: 400;\">Para exercer os seus direitos, pode escrever-nos um email para info@belgraf.com no qual dever\u00e1 identificar-se anexando uma c\u00f3pia do seu documento de identifica\u00e7\u00e3o e indicar o direito que pretende exercer e o motivo.<\/p>\n<p style=\"font-weight: 400;\"><strong>7)\u00a0\u00a0\u00a0\u00a0\u00a0\u00a0\u00a0<\/strong><strong>ORIGEM: Como obtivemos seus dados?<\/strong><\/p>\n<p style=\"font-weight: 400;\">- Os dados pessoais que tratamos em BELTRAN MU\u00d1OZ, .SL. vem da parte interessada<\/p>\n<p style=\"font-weight: 400;\">- As categorias de dados que s\u00e3o tratadas s\u00e3o:<\/p>\n<ul>\n<li style=\"font-weight: 400;\">Dados de identifica\u00e7\u00e3o.<\/li>\n<li style=\"font-weight: 400;\">Endere\u00e7os postais ou eletr\u00f4nicos.<\/li>\n<li style=\"font-weight: 400;\">Dados econ\u00f4micos.<\/li>\n<\/ul>\n<p style=\"font-weight: 400;\">- Dados especialmente protegidos n\u00e3o s\u00e3o processados.<\/p>\n\n\t\t<\/div> \n\t<\/div> <\/div><\/div><\/div><\/div><\/div>","protected":false},"excerpt":{"rendered":"DATOS IDENTIFICATIVOS En cumplimiento con el deber de informaci\u00f3n recogido en art\u00edculo 10 de la Ley 34\/2002, de 11 de julio, de Servicios de la Sociedad de la Informaci\u00f3n y de Comercio Electr\u00f3nico, a continuaci\u00f3n se reflejan los siguientes datos: La empresa titular de Est\u00e1...","protected":false},"author":1,"featured_media":0,"parent":0,"menu_order":0,"comment_status":"closed","ping_status":"closed","template":"","meta":[],"_links":{"self":[{"href":"https:\/\/www.cabezaldeimpresion.com\/pt\/wp-json\/wp\/v2\/pages\/3729"}],"collection":[{"href":"https:\/\/www.cabezaldeimpresion.com\/pt\/wp-json\/wp\/v2\/pages"}],"about":[{"href":"https:\/\/www.cabezaldeimpresion.com\/pt\/wp-json\/wp\/v2\/types\/page"}],"author":[{"embeddable":true,"href":"https:\/\/www.cabezaldeimpresion.com\/pt\/wp-json\/wp\/v2\/users\/1"}],"replies":[{"embeddable":true,"href":"https:\/\/www.cabezaldeimpresion.com\/pt\/wp-json\/wp\/v2\/comments?post=3729"}],"version-history":[{"count":2,"href":"https:\/\/www.cabezaldeimpresion.com\/pt\/wp-json\/wp\/v2\/pages\/3729\/revisions"}],"predecessor-version":[{"id":3869,"href":"https:\/\/www.cabezaldeimpresion.com\/pt\/wp-json\/wp\/v2\/pages\/3729\/revisions\/3869"}],"wp:attachment":[{"href":"https:\/\/www.cabezaldeimpresion.com\/pt\/wp-json\/wp\/v2\/media?parent=3729"}],"curies":[{"name":"wp","href":"https:\/\/api.w.org\/{rel}","templated":true}]}}