{"id":185,"date":"2020-01-10T11:36:32","date_gmt":"2020-01-10T11:36:32","guid":{"rendered":"http:\/\/cabezaldeimpresion.belgraf.es\/request-quote\/"},"modified":"2021-10-15T11:22:16","modified_gmt":"2021-10-15T11:22:16","slug":"solicitar-presupuesto","status":"publish","type":"page","link":"https:\/\/www.cabezaldeimpresion.com\/pt\/solicitar-presupuesto\/","title":{"rendered":"Solicite um or\u00e7amento"},"content":{"rendered":"<div      class=\"vc_row wpb_row section vc_row-fluid  grid_section\" style=' text-align:left;'><div class=\"section_inner clearfix\"><div class='section_inner_margin clearfix'><div class=\"wpb_column vc_column_container vc_col-sm-12\"><div class=\"vc_column-inner\"><div class=\"wpb_wrapper\">\n\t<div class=\"wpb_text_column wpb_content_element\">\n\t\t<div class=\"wpb_wrapper\">\n\t\t\t\r\n<div class=\"woocommerce ywraq-wrapper\">\r\n\r\n\t    <div id=\"yith-ywraq-message\"><div class=\"ywraq-question-message\">\r\n\t<\/div><\/div>\r\n\t\t<p class=\"ywraq_list_empty_message\">Sua lista est\u00e1 vazia, adicione produtos \u00e0 lista para enviar uma solicita\u00e7\u00e3o<p><p class=\"return-to-shop\"><a class=\"button wc-backward\" href=\"https:\/\/www.cabezaldeimpresion.com\/pt\/\">Retornar para a loja<\/a><\/p>\r\n\r\n\t    <\/div>\n\n\t\t<\/div> \n\t<\/div> <\/div><\/div><\/div><\/div><\/div><\/div><div      class=\"vc_row wpb_row section vc_row-fluid\" style=' text-align:left;'><div class=\"full_section_inner clearfix\"><div class=\"wpb_column vc_column_container vc_col-sm-4\"><div class=\"vc_column-inner\"><div class=\"wpb_wrapper\"><\/div><\/div><\/div><div class=\"wpb_column vc_column_container vc_col-sm-4\"><div class=\"vc_column-inner\"><div class=\"wpb_wrapper\">\n\t<div class=\"wpb_text_column wpb_content_element\">\n\t\t<div class=\"wpb_wrapper\">\n\t\t\t<p>\nVoc\u00ea precisa aceitar nosso <a href=\"https:\/\/www.cabezaldeimpresion.com\/pt\/aviso-legal\/\">Pol\u00edtica de privacidade<\/a> antes de enviar este question\u00e1rio.<\/p>\n<p><strong>INFORMA\u00c7\u00d5ES B\u00c1SICAS SOBRE PROTE\u00c7\u00c3O DE DADOS<\/strong><br \/>\nRespons\u00e1vel: BELTRAN MU\u00d1OZ, .SL<br \/>\nObjetivos: Responder a consultas levantadas por meio do formul\u00e1rio da web.<br \/>\nDireitos: acessar, retificar e excluir os dados, bem como outros direitos, conforme explicado nas informa\u00e7\u00f5es adicionais<\/p>\n\n\t\t<\/div> \n\t<\/div> <\/div><\/div><\/div><div class=\"wpb_column vc_column_container vc_col-sm-4\"><div class=\"vc_column-inner\"><div class=\"wpb_wrapper\"><\/div><\/div><\/div><\/div><\/div>","protected":false},"excerpt":{"rendered":"Sua lista est\u00e1 vazia, adicione produtos \u00e0 lista para enviar uma solicita\u00e7\u00e3oVoltar \u00e0 loja Voc\u00ea deve aceitar nossa pol\u00edtica de privacidade antes de enviar este question\u00e1rio. INFORMA\u00c7\u00d5ES B\u00c1SICAS SOBRE PROTE\u00c7\u00c3O DE DADOS Respons\u00e1vel: BELTRAN MU\u00d1OZ, .SL Objetivos: Responder \u00e0s consultas levantadas...","protected":false},"author":1,"featured_media":0,"parent":0,"menu_order":0,"comment_status":"closed","ping_status":"closed","template":"","meta":[],"_links":{"self":[{"href":"https:\/\/www.cabezaldeimpresion.com\/pt\/wp-json\/wp\/v2\/pages\/185"}],"collection":[{"href":"https:\/\/www.cabezaldeimpresion.com\/pt\/wp-json\/wp\/v2\/pages"}],"about":[{"href":"https:\/\/www.cabezaldeimpresion.com\/pt\/wp-json\/wp\/v2\/types\/page"}],"author":[{"embeddable":true,"href":"https:\/\/www.cabezaldeimpresion.com\/pt\/wp-json\/wp\/v2\/users\/1"}],"replies":[{"embeddable":true,"href":"https:\/\/www.cabezaldeimpresion.com\/pt\/wp-json\/wp\/v2\/comments?post=185"}],"version-history":[{"count":5,"href":"https:\/\/www.cabezaldeimpresion.com\/pt\/wp-json\/wp\/v2\/pages\/185\/revisions"}],"predecessor-version":[{"id":3872,"href":"https:\/\/www.cabezaldeimpresion.com\/pt\/wp-json\/wp\/v2\/pages\/185\/revisions\/3872"}],"wp:attachment":[{"href":"https:\/\/www.cabezaldeimpresion.com\/pt\/wp-json\/wp\/v2\/media?parent=185"}],"curies":[{"name":"wp","href":"https:\/\/api.w.org\/{rel}","templated":true}]}}