{"id":3616,"date":"2020-03-05T06:25:13","date_gmt":"2020-03-05T06:25:13","guid":{"rendered":"http:\/\/cabezaldeimpresion.belgraf.es\/product\/smart-date-nueva-x40\/"},"modified":"2021-02-01T07:41:55","modified_gmt":"2021-02-01T07:41:55","slug":"smart-date-nueva-x40","status":"publish","type":"product","link":"https:\/\/www.cabezaldeimpresion.com\/pl\/cabezal\/smart-date-nueva-x40\/","title":{"rendered":"G\u0142owica termiczna Markem Smart Date (Nowo\u015b\u0107) X40 KCE-32-PHB1-MKM"},"content":{"rendered":"","protected":false},"excerpt":{"rendered":"<p>300 DPI<\/p>\n<p>Dost\u0119pne przerywane i ci\u0105g\u0142e<\/p>","protected":false},"featured_media":2216,"template":"","meta":[],"_links":{"self":[{"href":"https:\/\/www.cabezaldeimpresion.com\/pl\/wp-json\/wp\/v2\/product\/3616"}],"collection":[{"href":"https:\/\/www.cabezaldeimpresion.com\/pl\/wp-json\/wp\/v2\/product"}],"about":[{"href":"https:\/\/www.cabezaldeimpresion.com\/pl\/wp-json\/wp\/v2\/types\/product"}],"wp:featuredmedia":[{"embeddable":true,"href":"https:\/\/www.cabezaldeimpresion.com\/pl\/wp-json\/wp\/v2\/media\/2216"}],"wp:attachment":[{"href":"https:\/\/www.cabezaldeimpresion.com\/pl\/wp-json\/wp\/v2\/media?parent=3616"}],"curies":[{"name":"wp","href":"https:\/\/api.w.org\/{rel}","templated":true}]}}