{"id":3561,"date":"2020-03-05T06:24:55","date_gmt":"2020-03-05T06:24:55","guid":{"rendered":"http:\/\/cabezaldeimpresion.belgraf.es\/product\/pagoprint-10-104-t\/"},"modified":"2022-02-24T09:16:51","modified_gmt":"2022-02-24T09:16:51","slug":"pagoprint-10-104-t","status":"publish","type":"product","link":"https:\/\/www.cabezaldeimpresion.com\/pl\/cabezal\/pagoprint-10-104-t\/","title":{"rendered":"g\u0142owica termiczna P\u0142atno\u015b\u0107 PAGOPRINT 10 104 G-0666504 1-010010-93"},"content":{"rendered":"","protected":false},"excerpt":{"rendered":"<p>g\u0142owica termiczna P\u0142atno\u015b\u0107 PAGOPRINT 10 104 G-0666504 1-010010-93<br \/>200 DPI<\/p>","protected":false},"featured_media":0,"template":"","meta":[],"_links":{"self":[{"href":"https:\/\/www.cabezaldeimpresion.com\/pl\/wp-json\/wp\/v2\/product\/3561"}],"collection":[{"href":"https:\/\/www.cabezaldeimpresion.com\/pl\/wp-json\/wp\/v2\/product"}],"about":[{"href":"https:\/\/www.cabezaldeimpresion.com\/pl\/wp-json\/wp\/v2\/types\/product"}],"wp:attachment":[{"href":"https:\/\/www.cabezaldeimpresion.com\/pl\/wp-json\/wp\/v2\/media?parent=3561"}],"curies":[{"name":"wp","href":"https:\/\/api.w.org\/{rel}","templated":true}]}}