{"id":3067,"date":"2020-03-05T06:22:49","date_gmt":"2020-03-05T06:22:49","guid":{"rendered":"http:\/\/cabezaldeimpresion.belgraf.es\/product\/claa1007-a-claa1201\/"},"modified":"2022-02-21T09:13:18","modified_gmt":"2022-02-21T09:13:18","slug":"cabezal-termico-axiohm-claa1007-claa1201-2325497","status":"publish","type":"product","link":"https:\/\/www.cabezaldeimpresion.com\/pl\/cabezal\/cabezal-termico-axiohm-claa1007-claa1201-2325497\/","title":{"rendered":"g\u0142owica termiczna Axiohm CLAA1007 CLAA1201 2325497"},"content":{"rendered":"","protected":false},"excerpt":{"rendered":"<p>g\u0142owica termiczna Axiohm CLAA1007 CLAA1201 2325497<\/p>\n<p>Przestarza\u0142y. Popro\u015b o wi\u0119cej informacji<\/p>","protected":false},"featured_media":1262,"template":"","meta":[],"_links":{"self":[{"href":"https:\/\/www.cabezaldeimpresion.com\/pl\/wp-json\/wp\/v2\/product\/3067"}],"collection":[{"href":"https:\/\/www.cabezaldeimpresion.com\/pl\/wp-json\/wp\/v2\/product"}],"about":[{"href":"https:\/\/www.cabezaldeimpresion.com\/pl\/wp-json\/wp\/v2\/types\/product"}],"wp:featuredmedia":[{"embeddable":true,"href":"https:\/\/www.cabezaldeimpresion.com\/pl\/wp-json\/wp\/v2\/media\/1262"}],"wp:attachment":[{"href":"https:\/\/www.cabezaldeimpresion.com\/pl\/wp-json\/wp\/v2\/media?parent=3067"}],"curies":[{"name":"wp","href":"https:\/\/api.w.org\/{rel}","templated":true}]}}