{"id":3752,"date":"2020-03-16T07:52:57","date_gmt":"2020-03-16T07:52:57","guid":{"rendered":"http:\/\/cabezaldeimpresion.belgraf.es\/?page_id=3752"},"modified":"2021-10-15T10:41:00","modified_gmt":"2021-10-15T10:41:00","slug":"politica-de-privacidad-2","status":"publish","type":"page","link":"https:\/\/www.cabezaldeimpresion.com\/pl\/politica-de-privacidad-2\/","title":{"rendered":"Polityka prywatno\u015bci"},"content":{"rendered":"<p style=\"font-weight: 400;\"><strong>DANE IDENTYFIKACYJNE<\/strong><\/p>\n<p style=\"font-weight: 400;\">Zgodnie z obowi\u0105zkiem informacyjnym zawartym w artykule 10 ustawy 34\/2002 z dnia 11 lipca o us\u0142ugach spo\u0142ecze\u0144stwa informacyjnego i handlu elektronicznego, poni\u017csze informacje s\u0105 odzwierciedlone poni\u017cej: Firm\u0105, kt\u00f3ra jest w\u0142a\u015bcicielem tej strony internetowej jest BELTRAN MU\u00d1OZ, .SL . z adresem Avd. Redondela, 60 36320 - Redondela (Pontevedra) HISZPANIA, e-mail: info@belgraf.com, telefon kontaktowy: 986 33 50 22, numer CIF: B-36.846.947, zarejestrowana w Rejestrze Handlowym PONTEVEDRA Tom : 2236, Arkusz: 138, Arkusz: PO-22614,<\/p>\n<p style=\"font-weight: 400;\"><strong>DODATKOWE INFORMACJE O OCHRONIE DANYCH:<\/strong><\/p>\n<p style=\"font-weight: 400;\"><strong>1)\u00a0\u00a0\u00a0\u00a0\u00a0\u00a0\u00a0<\/strong><strong>ODPOWIEDZIALNY: Kto jest odpowiedzialny za przetwarzanie Twoich danych?<\/strong><\/p>\n<p style=\"font-weight: 400;\">To\u017csamo\u015b\u0107: BELTRAN MU\u00d1OZ, .SL. - CIF: B-36.846.947<\/p>\n<p style=\"font-weight: 400;\">Adres pocztowy: Avd. Redondela, 60 36320 - Redondela (Pontevedra) HISZPANIA<\/p>\n<p style=\"font-weight: 400;\">Telefon: 986 33 50 22 - E-mail: info@belgraf.com<\/p>\n<p style=\"font-weight: 400;\"><strong>2)\u00a0\u00a0\u00a0\u00a0\u00a0\u00a0\u00a0<\/strong><strong>CEL: W jakim celu przetwarzamy Twoje dane osobowe?<\/strong><\/p>\n<p style=\"font-weight: 400;\">W BELTRAN MU\u00d1OZ, .SL. Informacje przekazane przez zainteresowane osoby traktujemy w nast\u0119puj\u0105cych celach:<\/p>\n<p style=\"font-weight: 400;\">- Przedstaw bud\u017cety z informacjami o naszych produktach i us\u0142ugach<\/p>\n<p style=\"font-weight: 400;\">- Zapewnij \u017c\u0105dan\u0105 us\u0142ug\u0119, rozliczaj\u0105c si\u0119 za ni\u0105.<\/p>\n<p style=\"font-weight: 400;\"><strong>3)\u00a0\u00a0\u00a0\u00a0\u00a0\u00a0\u00a0<\/strong><strong>OGRANICZENIE OKRESU KONSERWACJI Jak d\u0142ugo b\u0119dziemy przechowywa\u0107 Twoje dane?<\/strong><\/p>\n<p style=\"font-weight: 400;\">Podane dane b\u0119d\u0105 przechowywane tak d\u0142ugo, jak d\u0142ugo utrzymywana jest relacja handlowa lub przez lata niezb\u0119dne do wype\u0142nienia zobowi\u0105za\u0144 prawnych.<\/p>\n<p style=\"font-weight: 400;\"><strong>4)\u00a0\u00a0\u00a0\u00a0\u00a0\u00a0\u00a0<\/strong><strong>LEGITIMACJA: Jaka jest prawomocno\u015b\u0107 przetwarzania Twoich danych?<\/strong><\/p>\n<p style=\"font-weight: 400;\">Podstaw\u0105 prawn\u0105 przetwarzania danych jest zgoda uzyskana od zainteresowanej strony, opr\u00f3cz zawarcia umowy o \u015bwiadczenie us\u0142ug.<\/p>\n<p style=\"font-weight: 400;\"><strong>5)\u00a0\u00a0\u00a0\u00a0\u00a0\u00a0\u00a0<\/strong><strong>ODBIORCY: Jakim odbiorcom b\u0119d\u0105 przekazywane Twoje dane?<\/strong><\/p>\n<p style=\"font-weight: 400;\">Dane zostan\u0105 przekazane:<\/p>\n<p style=\"font-weight: 400;\">-          Administracja podatkowa<\/p>\n<p style=\"font-weight: 400;\">- Banki i podmioty finansowe<\/p>\n<p style=\"font-weight: 400;\">- Zarz\u0105dzanie<\/p>\n<p style=\"font-weight: 400;\"><strong>6)\u00a0\u00a0\u00a0\u00a0\u00a0\u00a0\u00a0<\/strong><strong>PRAWA: Jakie masz prawa, gdy przekazujesz nam swoje dane?<\/strong><\/p>\n<p style=\"font-weight: 400;\">Ka\u017cdy ma prawo do uzyskania potwierdzenia, czy BELTRAN MU\u00d1OZ, .SL. traktujemy dane osobowe, kt\u00f3re ich dotycz\u0105 lub nie.<\/p>\n<p style=\"font-weight: 400;\">Zainteresowane osoby maj\u0105 prawo\u00a0<strong>mie\u0107 dost\u0119p<\/strong>\u00a0do swoich danych osobowych, a tak\u017ce\u00a0<strong>za\u017c\u0105da\u0107 sprostowania<\/strong>\u00a0niedok\u0142adnych danych lub, w stosownych przypadkach,\u00a0<strong>za\u017c\u0105da\u0107 jego usuni\u0119cia<\/strong>\u00a0Gdy mi\u0119dzy innymi dane nie s\u0105 ju\u017c niezb\u0119dne do cel\u00f3w, dla kt\u00f3rych zosta\u0142y zebrane.<\/p>\n<p style=\"font-weight: 400;\">W pewnych okoliczno\u015bciach zainteresowane strony mog\u0105\u00a0<strong>za\u017c\u0105da\u0107<\/strong>\u00a0<strong>ograniczenie leczenia<\/strong>\u00a0Twoich danych, w takim przypadku zachowamy je wy\u0142\u0105cznie w celu wykonania lub obrony roszcze\u0144.<\/p>\n<p style=\"font-weight: 400;\">W pewnych okoliczno\u015bciach iz przyczyn zwi\u0105zanych z ich szczeg\u00f3ln\u0105 sytuacj\u0105 zainteresowane strony mog\u0105\u00a0<strong>sprzeciw wobec leczenia<\/strong>\u00a0Twoich danych. BELTRAN MU\u00d1OZ, .SL. zaprzestanie przetwarzania danych, z wyj\u0105tkiem wa\u017cnych prawnie uzasadnionych powod\u00f3w lub dochodzenia lub obrony ewentualnych roszcze\u0144.<\/p>\n<p style=\"font-weight: 400;\">Zainteresowanej stronie przys\u0142uguje prawo do cofni\u0119cia zgody w dowolnym momencie bez wp\u0142ywu na zgodno\u015b\u0107 z prawem leczenia, kt\u00f3rego dokonano na podstawie zgody przed jej cofni\u0119ciem.<\/p>\n<p style=\"font-weight: 400;\">Aby uzyska\u0107 dodatkowe informacje na temat swoich praw, odwied\u017a witryn\u0119 internetow\u0105 hiszpa\u0144skiej agencji ochrony danych (<a href=\"https:\/\/www.agpd.es\/\">https:\/\/www.agpd.es\/<\/a>)<\/p>\n<p style=\"font-weight: 400;\">Aby skorzysta\u0107 ze swoich praw, mo\u017cesz napisa\u0107 do nas wiadomo\u015b\u0107 e-mail na adres info@belgraf.com, w kt\u00f3rej musisz si\u0119 zidentyfikowa\u0107, do\u0142\u0105czaj\u0105c kopi\u0119 swojego dowodu osobistego i wskaza\u0107 prawo, z kt\u00f3rego chcesz skorzysta\u0107, oraz pow\u00f3d.<\/p>\n<p style=\"font-weight: 400;\"><strong>7)\u00a0\u00a0\u00a0\u00a0\u00a0\u00a0\u00a0<\/strong><strong>POCHODZENIE: W jaki spos\u00f3b uzyskali\u015bmy Twoje dane?<\/strong><\/p>\n<p style=\"font-weight: 400;\">- Dane osobowe, kt\u00f3re przetwarzamy w BELTRAN MU\u00d1OZ, .SL. pochodz\u0105 od zainteresowanej strony<\/p>\n<p style=\"font-weight: 400;\">- Kategorie przetwarzanych danych to:<\/p>\n<ul>\n<li style=\"font-weight: 400;\">Dane identyfikacyjne.<\/li>\n<li style=\"font-weight: 400;\">Adresy pocztowe lub elektroniczne.<\/li>\n<li style=\"font-weight: 400;\">Dane ekonomiczne.<\/li>\n<\/ul>\n<p style=\"font-weight: 400;\">- Dane specjalnie chronione nie s\u0105 przetwarzane.<\/p>","protected":false},"excerpt":{"rendered":"<p>DANE IDENTYFIKACYJNE Zgodnie z obowi\u0105zkiem informacyjnym zawartym w art. 10 ustawy 34\/2002 z dnia 11 lipca o us\u0142ugach spo\u0142ecze\u0144stwa informacyjnego i handlu elektronicznego poni\u017csze dane s\u0105 odzwierciedlone poni\u017cej: Firma b\u0119d\u0105ca w\u0142a\u015bcicielem jest\u2026<\/p>","protected":false},"author":1,"featured_media":0,"parent":0,"menu_order":0,"comment_status":"closed","ping_status":"closed","template":"","meta":[],"_links":{"self":[{"href":"https:\/\/www.cabezaldeimpresion.com\/pl\/wp-json\/wp\/v2\/pages\/3752"}],"collection":[{"href":"https:\/\/www.cabezaldeimpresion.com\/pl\/wp-json\/wp\/v2\/pages"}],"about":[{"href":"https:\/\/www.cabezaldeimpresion.com\/pl\/wp-json\/wp\/v2\/types\/page"}],"author":[{"embeddable":true,"href":"https:\/\/www.cabezaldeimpresion.com\/pl\/wp-json\/wp\/v2\/users\/1"}],"replies":[{"embeddable":true,"href":"https:\/\/www.cabezaldeimpresion.com\/pl\/wp-json\/wp\/v2\/comments?post=3752"}],"version-history":[{"count":2,"href":"https:\/\/www.cabezaldeimpresion.com\/pl\/wp-json\/wp\/v2\/pages\/3752\/revisions"}],"predecessor-version":[{"id":3867,"href":"https:\/\/www.cabezaldeimpresion.com\/pl\/wp-json\/wp\/v2\/pages\/3752\/revisions\/3867"}],"wp:attachment":[{"href":"https:\/\/www.cabezaldeimpresion.com\/pl\/wp-json\/wp\/v2\/media?parent=3752"}],"curies":[{"name":"wp","href":"https:\/\/api.w.org\/{rel}","templated":true}]}}