{"id":3729,"date":"2020-03-09T18:00:52","date_gmt":"2020-03-09T18:00:52","guid":{"rendered":"http:\/\/cabezaldeimpresion.belgraf.es\/?page_id=3729"},"modified":"2021-10-15T10:45:26","modified_gmt":"2021-10-15T10:45:26","slug":"aviso-legal","status":"publish","type":"page","link":"https:\/\/www.cabezaldeimpresion.com\/it\/aviso-legal\/","title":{"rendered":"Avviso legale"},"content":{"rendered":"<div      class=\"vc_row wpb_row section vc_row-fluid\" style=' text-align:left;'><div class=\"full_section_inner clearfix\"><div class=\"wpb_column vc_column_container vc_col-sm-12\"><div class=\"vc_column-inner\"><div class=\"wpb_wrapper\">\n\t<div class=\"wpb_text_column wpb_content_element\">\n\t\t<div class=\"wpb_wrapper\">\n\t\t\t<p style=\"font-weight: 400;\"><strong>DATI DI IDENTIFICAZIONE<\/strong><\/p>\n<p style=\"font-weight: 400;\">In ottemperanza all&#039;obbligo di informazione contenuto nell&#039;articolo 10 della legge 34\/2002, dell&#039;11 luglio, Servizi della societ\u00e0 dell&#039;informazione e del commercio elettronico, le seguenti informazioni si riflettono di seguito: La societ\u00e0 proprietaria di questa pagina web \u00e8 BELTRAN MU\u00d1OZ, .SL . con indirizzo in Avd. Redondela, 60 - 36320 REDONDELA (Pontevedra) Spagna, email: info@belgraf.com, contatto telefonico: 986 33 50 22, con numero CIF: B-36.846.947, iscritta al Registro Mercantile di PONTEVEDRA Volume : 2236, Foglio: 138, Foglio: PO-22614,<\/p>\n<p style=\"font-weight: 400;\"><strong>INFORMAZIONI AGGIUNTIVE SULLA PROTEZIONE DEI DATI:<\/strong><\/p>\n<p style=\"font-weight: 400;\"><strong>1)\u00a0\u00a0\u00a0\u00a0\u00a0\u00a0\u00a0<\/strong><strong>RESPONSABILE: Chi \u00e8 responsabile del trattamento dei tuoi dati?<\/strong><\/p>\n<p style=\"font-weight: 400;\">Identit\u00e0: BELTRAN MU\u00d1OZ, .SL. - CIF: B-36.846.947<\/p>\n<p style=\"font-weight: 400;\">Indirizzo postale: Avd. Redondela, 60 36320 - Redondela (PONTEVEDRA)<\/p>\n<p style=\"font-weight: 400;\">Telefono: 986 33 50 22 -Email: info@belgraf.com<\/p>\n<p style=\"font-weight: 400;\"><strong>2)\u00a0\u00a0\u00a0\u00a0\u00a0\u00a0\u00a0<\/strong><strong>SCOPO: Per quale scopo trattiamo i tuoi dati personali?<\/strong><\/p>\n<p style=\"font-weight: 400;\">A BELTRAN MU\u00d1OZ, .SL. Trattiamo le informazioni fornite dalle persone interessate per le seguenti finalit\u00e0:<\/p>\n<p style=\"font-weight: 400;\">- Presentare i budget con informazioni sui nostri prodotti e servizi<\/p>\n<p style=\"font-weight: 400;\">- Fornire il servizio richiesto, fatturarlo.<\/p>\n<p style=\"font-weight: 400;\"><strong>3)\u00a0\u00a0\u00a0\u00a0\u00a0\u00a0\u00a0<\/strong><strong>LIMITAZIONE DEL PERIODO DI CONSERVAZIONE Per quanto tempo conserveremo i tuoi dati?<\/strong><\/p>\n<p style=\"font-weight: 400;\">I dati forniti saranno conservati per tutto il tempo in cui sar\u00e0 mantenuto il rapporto commerciale o durante gli anni necessari per adempiere ad obblighi di legge.<\/p>\n<p style=\"font-weight: 400;\"><strong>4)\u00a0\u00a0\u00a0\u00a0\u00a0\u00a0\u00a0<\/strong><strong>LEGITTIMAZIONE: Qual \u00e8 la legittimit\u00e0 del trattamento dei tuoi dati?<\/strong><\/p>\n<p style=\"font-weight: 400;\">La base giuridica del trattamento dei dati \u00e8 il consenso ottenuto dall&#039;interessato, oltre alla contrattazione dei servizi.<\/p>\n<p style=\"font-weight: 400;\"><strong>5)\u00a0\u00a0\u00a0\u00a0\u00a0\u00a0\u00a0<\/strong><strong>DESTINATARI: A quali destinatari verranno comunicati i tuoi dati?<\/strong><\/p>\n<p style=\"font-weight: 400;\">I dati verranno comunicati a:<\/p>\n<p style=\"font-weight: 400;\">-          Amministrazione delle tasse<\/p>\n<p style=\"font-weight: 400;\">- Banche ed enti finanziari<\/p>\n<p style=\"font-weight: 400;\">- Gestione<\/p>\n<p style=\"font-weight: 400;\"><strong>6)\u00a0\u00a0\u00a0\u00a0\u00a0\u00a0\u00a0<\/strong><strong>DIRITTI: Quali sono i tuoi diritti quando ci fornisci i tuoi dati?<\/strong><\/p>\n<p style=\"font-weight: 400;\">Chiunque ha il diritto di ottenere conferma se BELTRAN MU\u00d1OZ, .SL. stiamo trattando o meno dati personali che li riguardano.<\/p>\n<p style=\"font-weight: 400;\">Le persone interessate hanno diritto a\u00a0<strong>accedere<\/strong>\u00a0ai tuoi dati personali, nonch\u00e9\u00a0<strong>richiedere la rettifica<\/strong>\u00a0di dati inesatti o, se del caso,\u00a0<strong>richiederne la cancellazione<\/strong>\u00a0Quando, tra l&#039;altro, i dati non sono pi\u00f9 necessari per gli scopi per i quali sono stati raccolti.<\/p>\n<p style=\"font-weight: 400;\">In determinate circostanze, le parti interessate possono\u00a0<strong>richiedere il<\/strong>\u00a0<strong>limitazione del trattamento<\/strong>\u00a0dei tuoi dati, nel qual caso li conserveremo solo per l&#039;esercizio o la difesa di reclami.<\/p>\n<p style=\"font-weight: 400;\">In determinate circostanze e per motivi legati alla loro situazione particolare, gli interessati possono\u00a0<strong>opporsi al trattamento<\/strong>\u00a0dei tuoi dati. BELTRAN MU\u00d1OZ, .SL. interromper\u00e0 l&#039;elaborazione dei dati, ad eccezione di motivi legittimi impellenti, o l&#039;esercizio o la difesa di possibili reclami.<\/p>\n<p style=\"font-weight: 400;\">L&#039;interessato ha il diritto di revocare il consenso in qualsiasi momento, senza pregiudicare la liceit\u00e0 del trattamento basata sul consenso prima della revoca.<\/p>\n<p style=\"font-weight: 400;\">Per ulteriori informazioni sui tuoi diritti, visita il sito web dell&#039;Agenzia spagnola per la protezione dei dati (<a href=\"https:\/\/www.agpd.es\/\">https:\/\/www.agpd.es\/<\/a>)<\/p>\n<p style=\"font-weight: 400;\">Per esercitare i tuoi diritti puoi scriverci una mail a info@belgraf.com in cui devi identificarti allegando una copia del tuo documento d&#039;identit\u00e0 e indicare il diritto che desideri esercitare e il motivo.<\/p>\n<p style=\"font-weight: 400;\"><strong>7)\u00a0\u00a0\u00a0\u00a0\u00a0\u00a0\u00a0<\/strong><strong>ORIGINE: Come abbiamo ottenuto i tuoi dati?<\/strong><\/p>\n<p style=\"font-weight: 400;\">- I dati personali che trattiamo in BELTRAN MU\u00d1OZ, .SL. provengono dall&#039;interessato<\/p>\n<p style=\"font-weight: 400;\">- Le categorie di dati che vengono trattati sono:<\/p>\n<ul>\n<li style=\"font-weight: 400;\">Dati di identificazione.<\/li>\n<li style=\"font-weight: 400;\">Indirizzi postali o elettronici.<\/li>\n<li style=\"font-weight: 400;\">Dati economici.<\/li>\n<\/ul>\n<p style=\"font-weight: 400;\">- I dati appositamente protetti non vengono elaborati.<\/p>\n\n\t\t<\/div> \n\t<\/div> <\/div><\/div><\/div><\/div><\/div>","protected":false},"excerpt":{"rendered":"DATI IDENTIFICATIVI In ottemperanza all&#039;obbligo di informazione di cui all&#039;articolo 10 della Legge 34\/2002, dell&#039;11 luglio, sui Servizi della Societ\u00e0 dell&#039;Informazione e del Commercio Elettronico, si riportano di seguito i seguenti dati: La societ\u00e0 proprietaria della...","protected":false},"author":1,"featured_media":0,"parent":0,"menu_order":0,"comment_status":"closed","ping_status":"closed","template":"","meta":[],"_links":{"self":[{"href":"https:\/\/www.cabezaldeimpresion.com\/it\/wp-json\/wp\/v2\/pages\/3729"}],"collection":[{"href":"https:\/\/www.cabezaldeimpresion.com\/it\/wp-json\/wp\/v2\/pages"}],"about":[{"href":"https:\/\/www.cabezaldeimpresion.com\/it\/wp-json\/wp\/v2\/types\/page"}],"author":[{"embeddable":true,"href":"https:\/\/www.cabezaldeimpresion.com\/it\/wp-json\/wp\/v2\/users\/1"}],"replies":[{"embeddable":true,"href":"https:\/\/www.cabezaldeimpresion.com\/it\/wp-json\/wp\/v2\/comments?post=3729"}],"version-history":[{"count":2,"href":"https:\/\/www.cabezaldeimpresion.com\/it\/wp-json\/wp\/v2\/pages\/3729\/revisions"}],"predecessor-version":[{"id":3869,"href":"https:\/\/www.cabezaldeimpresion.com\/it\/wp-json\/wp\/v2\/pages\/3729\/revisions\/3869"}],"wp:attachment":[{"href":"https:\/\/www.cabezaldeimpresion.com\/it\/wp-json\/wp\/v2\/media?parent=3729"}],"curies":[{"name":"wp","href":"https:\/\/api.w.org\/{rel}","templated":true}]}}