{"id":3442,"date":"2020-03-05T06:24:25","date_gmt":"2020-03-05T06:24:25","guid":{"rendered":"http:\/\/cabezaldeimpresion.belgraf.es\/product\/b-672-b-682-tea\/"},"modified":"2022-02-24T12:36:00","modified_gmt":"2022-02-24T12:36:00","slug":"cabezal-termico-toshiba-tec-b-672-b-682-tea-kce-171-12paj2-tec-fmbc0044307-fmbc0044303","status":"publish","type":"product","link":"https:\/\/www.cabezaldeimpresion.com\/fr\/cabezal\/cabezal-termico-toshiba-tec-b-672-b-682-tea-kce-171-12paj2-tec-fmbc0044307-fmbc0044303\/","title":{"rendered":"t\u00eate thermique Toshiba Tec B-672 B-682 TH\u00c9 KCE-171-12PAJ2-TEC FMBC0044307 FMBC0044303"},"content":{"rendered":"","protected":false},"excerpt":{"rendered":"<p>t\u00eate thermique Toshiba Tec B-672 B-682 TH\u00c9 KCE-171-12PAJ2-TEC FMBC0044307 FMBC0044303<br><\/p>\n<p>300 ppp<\/p>","protected":false},"featured_media":0,"template":"","meta":[],"_links":{"self":[{"href":"https:\/\/www.cabezaldeimpresion.com\/fr\/wp-json\/wp\/v2\/product\/3442"}],"collection":[{"href":"https:\/\/www.cabezaldeimpresion.com\/fr\/wp-json\/wp\/v2\/product"}],"about":[{"href":"https:\/\/www.cabezaldeimpresion.com\/fr\/wp-json\/wp\/v2\/types\/product"}],"wp:attachment":[{"href":"https:\/\/www.cabezaldeimpresion.com\/fr\/wp-json\/wp\/v2\/media?parent=3442"}],"curies":[{"name":"wp","href":"https:\/\/api.w.org\/{rel}","templated":true}]}}