{"id":3755,"date":"2020-03-16T09:19:55","date_gmt":"2020-03-16T09:19:55","guid":{"rendered":"http:\/\/cabezaldeimpresion.belgraf.es\/?page_id=3755"},"modified":"2021-10-15T10:39:12","modified_gmt":"2021-10-15T10:39:12","slug":"politica-de-cookies","status":"publish","type":"page","link":"https:\/\/www.cabezaldeimpresion.com\/fr\/politica-de-cookies\/","title":{"rendered":"Politique de cookies"},"content":{"rendered":"<p>Que sont les <em>biscuits<\/em>? Ongle <em>biscuit<\/em> C&#039;est un fichier qui est t\u00e9l\u00e9charg\u00e9 sur votre ordinateur lorsque vous acc\u00e9dez \u00e0 certaines pages Web. Les <em>biscuits<\/em> permettre \u00e0 une page Web, entre autres, de stocker et de r\u00e9cup\u00e9rer des informations sur les habitudes de navigation d&#039;un utilisateur ou de son \u00e9quipement et, en fonction des informations qu&#039;elles contiennent et de la mani\u00e8re dont ils utilisent leur \u00e9quipement, elles peuvent \u00eatre utilis\u00e9es pour reconna\u00eetre l&#039;utilisateur.<\/p>\n<p><strong>Quelle sorte de <em>biscuits<\/em> utilisez-vous ce site Web?<\/strong><\/p>\n<ul>\n<li><strong>Cookies techniques :<\/strong> Ce sont ceux qui permettent \u00e0 l&#039;utilisateur de naviguer sur une page Web, une plate-forme ou une application et d&#039;utiliser les diff\u00e9rentes options ou services qui y existent, tels que, par exemple, le contr\u00f4le du trafic et de la communication de donn\u00e9es, l&#039;identification de la session, l&#039;acc\u00e8s aux parties d&#039;acc\u00e8s restreint, m\u00e9moriser les \u00e9l\u00e9ments qui composent une commande, effectuer le processus d&#039;achat d&#039;une commande, faire la demande d&#039;inscription ou de participation \u00e0 un \u00e9v\u00e9nement, utiliser des \u00e9l\u00e9ments de s\u00e9curit\u00e9 lors de la navigation, stocker du contenu pour la diffusion de vid\u00e9os ou de son ou partager contenu via les r\u00e9seaux sociaux.<\/li>\n<li><strong>Cookies de personnalisation :<\/strong> Ce sont ceux qui permettent \u00e0 l&#039;utilisateur d&#039;acc\u00e9der au service avec certaines caract\u00e9ristiques g\u00e9n\u00e9rales pr\u00e9d\u00e9finies sur la base d&#039;une s\u00e9rie de crit\u00e8res dans le terminal de l&#039;utilisateur, tels que la langue, le type de navigateur via lequel le service est accessible, la configuration r\u00e9gionale. acc\u00e9der au service, etc.<\/li>\n<li><strong>Cookies d&#039;analyse :<\/strong> Ce sont ceux qui permettent \u00e0 leur responsable de surveiller et d&#039;analyser le comportement des utilisateurs des sites Web auxquels ils sont li\u00e9s. Les informations collect\u00e9es via ce type de cookies sont utilis\u00e9es pour mesurer l&#039;activit\u00e9 des sites Web, des applications ou des plates-formes et pour cr\u00e9er des profils de navigation des utilisateurs desdits sites, applications et plates-formes, afin d&#039;introduire des am\u00e9liorations en fonction de l&#039;analyse de l&#039;utilisation. donn\u00e9es faites par les utilisateurs du service.<\/li>\n<\/ul>\n<p>Dans certains navigateurs, vous pouvez configurer des r\u00e8gles pour g\u00e9rer les cookies par site, ce qui vous donne un contr\u00f4le plus pr\u00e9cis sur votre vie priv\u00e9e. Cela signifie que vous pouvez d\u00e9sactiver les cookies de tous les sites, \u00e0 l&#039;exception de ceux auxquels vous faites confiance. Ainsi, vous pouvez autoriser, bloquer ou supprimer les cookies install\u00e9s sur votre ordinateur en configurant les options du navigateur install\u00e9 sur votre ordinateur :<br \/>\nPour plus d&#039;informations sur le navigateur Chrome, appuyez sur\u00a0 <a href=\"https:\/\/support.google.com\/chrome\/answer\/95647?hl=es\"> ici <\/a><br \/>\nPour plus d&#039;informations sur le navigateur Mozilla Firefox, cliquez sur <a href=\"http:\/\/support.mozilla.org\/es\/kb\/habilitar-y-deshabilitar-cookies-que-los-sitios-we\"> ici <\/a><br \/>\nPour plus d&#039;informations sur le navigateur Internet Explorer, cliquez sur <a href=\"http:\/\/windows.microsoft.com\/es-es\/windows-vista\/block-or-allow-cookies\"> ici <\/a><br \/>\nUne autre fonction de tous les navigateurs est le mode navigation priv\u00e9e ou incognito. Vous pouvez naviguer incognito lorsque vous ne souhaitez pas que vos visites de sites Web ou vos t\u00e9l\u00e9chargements soient enregistr\u00e9s dans vos historiques de navigation et de t\u00e9l\u00e9chargement. Les cookies cr\u00e9\u00e9s en mode navigation priv\u00e9e sont supprim\u00e9s apr\u00e8s la fermeture de toutes les fen\u00eatres de navigation priv\u00e9e.<\/p>","protected":false},"excerpt":{"rendered":"<p>Que sont les cookies ? Un cookie est un fichier qui est t\u00e9l\u00e9charg\u00e9 sur votre ordinateur lorsque vous acc\u00e9dez \u00e0 certaines pages Web. Les cookies permettent, entre autres, \u00e0 une page Web de stocker et de r\u00e9cup\u00e9rer des informations sur les habitudes de navigation d&#039;un utilisateur ou ...<\/p>","protected":false},"author":1,"featured_media":0,"parent":0,"menu_order":0,"comment_status":"closed","ping_status":"closed","template":"","meta":[],"_links":{"self":[{"href":"https:\/\/www.cabezaldeimpresion.com\/fr\/wp-json\/wp\/v2\/pages\/3755"}],"collection":[{"href":"https:\/\/www.cabezaldeimpresion.com\/fr\/wp-json\/wp\/v2\/pages"}],"about":[{"href":"https:\/\/www.cabezaldeimpresion.com\/fr\/wp-json\/wp\/v2\/types\/page"}],"author":[{"embeddable":true,"href":"https:\/\/www.cabezaldeimpresion.com\/fr\/wp-json\/wp\/v2\/users\/1"}],"replies":[{"embeddable":true,"href":"https:\/\/www.cabezaldeimpresion.com\/fr\/wp-json\/wp\/v2\/comments?post=3755"}],"version-history":[{"count":2,"href":"https:\/\/www.cabezaldeimpresion.com\/fr\/wp-json\/wp\/v2\/pages\/3755\/revisions"}],"predecessor-version":[{"id":3866,"href":"https:\/\/www.cabezaldeimpresion.com\/fr\/wp-json\/wp\/v2\/pages\/3755\/revisions\/3866"}],"wp:attachment":[{"href":"https:\/\/www.cabezaldeimpresion.com\/fr\/wp-json\/wp\/v2\/media?parent=3755"}],"curies":[{"name":"wp","href":"https:\/\/api.w.org\/{rel}","templated":true}]}}