{"id":3752,"date":"2020-03-16T07:52:57","date_gmt":"2020-03-16T07:52:57","guid":{"rendered":"http:\/\/cabezaldeimpresion.belgraf.es\/?page_id=3752"},"modified":"2021-10-15T10:41:00","modified_gmt":"2021-10-15T10:41:00","slug":"politica-de-privacidad-2","status":"publish","type":"page","link":"https:\/\/www.cabezaldeimpresion.com\/fr\/politica-de-privacidad-2\/","title":{"rendered":"Politique de confidentialit\u00e9"},"content":{"rendered":"<p style=\"font-weight: 400;\"><strong>DONN\u00c9ES D&#039;IDENTIFICATION<\/strong><\/p>\n<p style=\"font-weight: 400;\">Conform\u00e9ment au devoir d&#039;information contenu \u00e0 l&#039;article 10 de la loi 34\/2002 du 11 juillet, Services de la soci\u00e9t\u00e9 de l&#039;information et du commerce \u00e9lectronique, les informations suivantes sont refl\u00e9t\u00e9es ci-dessous : La soci\u00e9t\u00e9 propri\u00e9taire de cette page web est BELTRAN MU\u00d1OZ, .SL . avec adresse Av. Redondela, 60 36320 - Redondela (Pontevedra) ESPAGNE, email: info@belgraf.com, t\u00e9l\u00e9phone de contact: 986 33 50 22, avec num\u00e9ro CIF: B-36.846.947, inscrit au Registre du Commerce de PONTEVEDRA Volume : 2236, Feuille : 138, Feuille : PO-22614,<\/p>\n<p style=\"font-weight: 400;\"><strong>INFORMATIONS SUPPL\u00c9MENTAIRES SUR LA PROTECTION DES DONN\u00c9ES:<\/strong><\/p>\n<p style=\"font-weight: 400;\"><strong>1)\u00a0\u00a0\u00a0\u00a0\u00a0\u00a0\u00a0<\/strong><strong>RESPONSABLE: Qui est responsable du traitement de vos donn\u00e9es?<\/strong><\/p>\n<p style=\"font-weight: 400;\">Identit\u00e9: BELTRAN MU\u00d1OZ, .SL. - CIF: B-36.846.947<\/p>\n<p style=\"font-weight: 400;\">Adresse postale : Avd. Redondela, 60 36320 - Redondela (Pontevedra) ESPAGNE<\/p>\n<p style=\"font-weight: 400;\">T\u00e9l\u00e9phone: 986 33 50 22 -Email: info@belgraf.com<\/p>\n<p style=\"font-weight: 400;\"><strong>2)\u00a0\u00a0\u00a0\u00a0\u00a0\u00a0\u00a0<\/strong><strong>OBJECTIF: Dans quel but traitons-nous vos donn\u00e9es personnelles?<\/strong><\/p>\n<p style=\"font-weight: 400;\">Dans BELTRAN MU\u00d1OZ, .SL. Nous traitons les informations fournies par les personnes int\u00e9ress\u00e9es aux fins suivantes:<\/p>\n<p style=\"font-weight: 400;\">- Pr\u00e9senter les budgets avec des informations sur nos produits et services<\/p>\n<p style=\"font-weight: 400;\">- Fournir le service demand\u00e9, en facturant.<\/p>\n<p style=\"font-weight: 400;\"><strong>3)\u00a0\u00a0\u00a0\u00a0\u00a0\u00a0\u00a0<\/strong><strong>LIMITATION DE LA P\u00c9RIODE DE CONSERVATION Combien de temps conserverons-nous vos donn\u00e9es?<\/strong><\/p>\n<p style=\"font-weight: 400;\">Les donn\u00e9es fournies seront conserv\u00e9es aussi longtemps que la relation commerciale est maintenue ou pendant les ann\u00e9es n\u00e9cessaires pour se conformer aux obligations l\u00e9gales.<\/p>\n<p style=\"font-weight: 400;\"><strong>4)\u00a0\u00a0\u00a0\u00a0\u00a0\u00a0\u00a0<\/strong><strong>L\u00c9GITIMATION: Quelle est la l\u00e9gitimit\u00e9 du traitement de vos donn\u00e9es?<\/strong><\/p>\n<p style=\"font-weight: 400;\">La base juridique du traitement des donn\u00e9es est le consentement obtenu de l&#039;int\u00e9ress\u00e9, en plus de la sous-traitance de services.<\/p>\n<p style=\"font-weight: 400;\"><strong>5)\u00a0\u00a0\u00a0\u00a0\u00a0\u00a0\u00a0<\/strong><strong>B\u00c9N\u00c9FICIAIRES: \u00c0 quels destinataires vos donn\u00e9es seront-elles communiqu\u00e9es?<\/strong><\/p>\n<p style=\"font-weight: 400;\">Les donn\u00e9es seront communiqu\u00e9es \u00e0:<\/p>\n<p style=\"font-weight: 400;\">-          L&#039;administration des imp\u00f4ts<\/p>\n<p style=\"font-weight: 400;\">- Banques et entit\u00e9s financi\u00e8res<\/p>\n<p style=\"font-weight: 400;\">- La gestion<\/p>\n<p style=\"font-weight: 400;\"><strong>6)\u00a0\u00a0\u00a0\u00a0\u00a0\u00a0\u00a0<\/strong><strong>DROITS: Quels sont vos droits lorsque vous nous fournissez vos donn\u00e9es?<\/strong><\/p>\n<p style=\"font-weight: 400;\">N&#039;importe qui a le droit d&#039;obtenir la confirmation que BELTRAN MU\u00d1OZ, .SL. nous traitons les donn\u00e9es personnelles qui les concernent ou non.<\/p>\n<p style=\"font-weight: 400;\">Les personnes int\u00e9ress\u00e9es ont le droit de\u00a0<strong>acc\u00e9der<\/strong>\u00a0\u00e0 vos donn\u00e9es personnelles, ainsi que\u00a0<strong>demander une rectification<\/strong>\u00a0de donn\u00e9es inexactes ou, le cas \u00e9ch\u00e9ant,\u00a0<strong>demander sa suppression<\/strong>\u00a0Lorsque, entre autres raisons, les donn\u00e9es ne sont plus n\u00e9cessaires aux fins pour lesquelles elles ont \u00e9t\u00e9 collect\u00e9es.<\/p>\n<p style=\"font-weight: 400;\">Dans certaines circonstances, les parties int\u00e9ress\u00e9es peuvent\u00a0<strong>demander le<\/strong>\u00a0<strong>limitation du traitement<\/strong>\u00a0de vos donn\u00e9es, auquel cas nous ne les conserverons que pour l&#039;exercice ou la d\u00e9fense de r\u00e9clamations.<\/p>\n<p style=\"font-weight: 400;\">Dans certaines circonstances et pour des raisons li\u00e9es \u00e0 leur situation particuli\u00e8re, les parties int\u00e9ress\u00e9es peuvent\u00a0<strong>s&#039;opposer au traitement<\/strong>\u00a0de vos donn\u00e9es. BELTRAN MU\u00d1OZ, .SL. cessera de traiter les donn\u00e9es, sauf pour des raisons l\u00e9gitimes imp\u00e9rieuses, ou pour l&#039;exercice ou la d\u00e9fense d&#039;\u00e9ventuelles r\u00e9clamations.<\/p>\n<p style=\"font-weight: 400;\">L&#039;int\u00e9ress\u00e9 a le droit de retirer son consentement \u00e0 tout moment, sans affecter la l\u00e9galit\u00e9 du traitement bas\u00e9 sur le consentement avant son retrait.<\/p>\n<p style=\"font-weight: 400;\">Pour plus d&#039;informations sur vos droits, visitez le site Web de l&#039;Agence espagnole de protection des donn\u00e9es (<a href=\"https:\/\/www.agpd.es\/\">https:\/\/www.agpd.es\/<\/a>)<\/p>\n<p style=\"font-weight: 400;\">Pour exercer vos droits, vous pouvez nous \u00e9crire un email \u00e0 info@belgraf.com dans lequel vous devez vous identifier en joignant une copie de votre pi\u00e8ce d&#039;identit\u00e9 et en indiquant le droit que vous souhaitez exercer et le motif.<\/p>\n<p style=\"font-weight: 400;\"><strong>7)\u00a0\u00a0\u00a0\u00a0\u00a0\u00a0\u00a0<\/strong><strong>ORIGINE: Comment avons-nous obtenu vos donn\u00e9es?<\/strong><\/p>\n<p style=\"font-weight: 400;\">- Les donn\u00e9es personnelles que nous traitons dans BELTRAN MU\u00d1OZ, .SL. proviennent de l&#039;int\u00e9ress\u00e9<\/p>\n<p style=\"font-weight: 400;\">- Les cat\u00e9gories de donn\u00e9es trait\u00e9es sont:<\/p>\n<ul>\n<li style=\"font-weight: 400;\">Donn\u00e9es d&#039;identification.<\/li>\n<li style=\"font-weight: 400;\">Adresses postales ou \u00e9lectroniques.<\/li>\n<li style=\"font-weight: 400;\">Donn\u00e9es \u00e9conomiques.<\/li>\n<\/ul>\n<p style=\"font-weight: 400;\">- Les donn\u00e9es sp\u00e9cialement prot\u00e9g\u00e9es ne sont pas trait\u00e9es.<\/p>","protected":false},"excerpt":{"rendered":"<p>DONN\u00c9ES D&#039;IDENTIFICATION Conform\u00e9ment \u00e0 l&#039;obligation d&#039;information contenue \u00e0 l&#039;article 10 de la loi 34\/2002 du 11 juillet sur les services de la soci\u00e9t\u00e9 de l&#039;information et du commerce \u00e9lectronique, les informations suivantes sont refl\u00e9t\u00e9es ci-dessous : La soci\u00e9t\u00e9 qui d\u00e9tient le\u2026<\/p>","protected":false},"author":1,"featured_media":0,"parent":0,"menu_order":0,"comment_status":"closed","ping_status":"closed","template":"","meta":[],"_links":{"self":[{"href":"https:\/\/www.cabezaldeimpresion.com\/fr\/wp-json\/wp\/v2\/pages\/3752"}],"collection":[{"href":"https:\/\/www.cabezaldeimpresion.com\/fr\/wp-json\/wp\/v2\/pages"}],"about":[{"href":"https:\/\/www.cabezaldeimpresion.com\/fr\/wp-json\/wp\/v2\/types\/page"}],"author":[{"embeddable":true,"href":"https:\/\/www.cabezaldeimpresion.com\/fr\/wp-json\/wp\/v2\/users\/1"}],"replies":[{"embeddable":true,"href":"https:\/\/www.cabezaldeimpresion.com\/fr\/wp-json\/wp\/v2\/comments?post=3752"}],"version-history":[{"count":2,"href":"https:\/\/www.cabezaldeimpresion.com\/fr\/wp-json\/wp\/v2\/pages\/3752\/revisions"}],"predecessor-version":[{"id":3867,"href":"https:\/\/www.cabezaldeimpresion.com\/fr\/wp-json\/wp\/v2\/pages\/3752\/revisions\/3867"}],"wp:attachment":[{"href":"https:\/\/www.cabezaldeimpresion.com\/fr\/wp-json\/wp\/v2\/media?parent=3752"}],"curies":[{"name":"wp","href":"https:\/\/api.w.org\/{rel}","templated":true}]}}