{"id":185,"date":"2020-01-10T11:36:32","date_gmt":"2020-01-10T11:36:32","guid":{"rendered":"http:\/\/cabezaldeimpresion.belgraf.es\/request-quote\/"},"modified":"2021-10-15T11:22:16","modified_gmt":"2021-10-15T11:22:16","slug":"solicitar-presupuesto","status":"publish","type":"page","link":"https:\/\/www.cabezaldeimpresion.com\/fr\/solicitar-presupuesto\/","title":{"rendered":"Demander un budget"},"content":{"rendered":"<div      class=\"vc_row wpb_row section vc_row-fluid  grid_section\" style=' text-align:left;'><div class=\"section_inner clearfix\"><div class='section_inner_margin clearfix'><div class=\"wpb_column vc_column_container vc_col-sm-12\"><div class=\"vc_column-inner\"><div class=\"wpb_wrapper\">\n\t<div class=\"wpb_text_column wpb_content_element\">\n\t\t<div class=\"wpb_wrapper\">\n\t\t\t\r\n<div class=\"woocommerce ywraq-wrapper\">\r\n\r\n\t    <div id=\"yith-ywraq-message\"><div class=\"ywraq-question-message\">\r\n\t<\/div><\/div>\r\n\t\t<p class=\"ywraq_list_empty_message\">Votre liste est vide, ajoutez des produits \u00e0 la liste pour envoyer une demande<p><p class=\"return-to-shop\"><a class=\"button wc-backward\" href=\"https:\/\/www.cabezaldeimpresion.com\/fr\/\">Retourner au magasin<\/a><\/p>\r\n\r\n\t    <\/div>\n\n\t\t<\/div> \n\t<\/div> <\/div><\/div><\/div><\/div><\/div><\/div><div      class=\"vc_row wpb_row section vc_row-fluid\" style=' text-align:left;'><div class=\"full_section_inner clearfix\"><div class=\"wpb_column vc_column_container vc_col-sm-4\"><div class=\"vc_column-inner\"><div class=\"wpb_wrapper\"><\/div><\/div><\/div><div class=\"wpb_column vc_column_container vc_col-sm-4\"><div class=\"vc_column-inner\"><div class=\"wpb_wrapper\">\n\t<div class=\"wpb_text_column wpb_content_element\">\n\t\t<div class=\"wpb_wrapper\">\n\t\t\t<p>\nVous devez accepter notre <a href=\"https:\/\/www.cabezaldeimpresion.com\/fr\/aviso-legal\/\">Politique de confidentialit\u00e9<\/a> avant de soumettre ce questionnaire.<\/p>\n<p><strong>INFORMATIONS DE BASE SUR LA PROTECTION DES DONN\u00c9ES<\/strong><br \/>\nResponsable : BELTRAN MU\u00d1OZ, .SL<br \/>\nObjectifs\u00a0: R\u00e9pondre aux questions pos\u00e9es via le formulaire Web.<br \/>\nDroits : Acc\u00e9der, rectifier et supprimer les donn\u00e9es, ainsi que d&#039;autres droits, comme expliqu\u00e9 dans les informations compl\u00e9mentaires<\/p>\n\n\t\t<\/div> \n\t<\/div> <\/div><\/div><\/div><div class=\"wpb_column vc_column_container vc_col-sm-4\"><div class=\"vc_column-inner\"><div class=\"wpb_wrapper\"><\/div><\/div><\/div><\/div><\/div>","protected":false},"excerpt":{"rendered":"Votre liste est vide, ajoutez des produits \u00e0 la liste pour envoyer une demandeRetour \u00e0 la boutique Vous devez accepter notre politique de confidentialit\u00e9 avant de soumettre ce questionnaire. INFORMATIONS DE BASE SUR LA PROTECTION DES DONN\u00c9ES Responsable : BELTRAN MU\u00d1OZ, .SL Objectifs : R\u00e9pondre aux questions soulev\u00e9es...","protected":false},"author":1,"featured_media":0,"parent":0,"menu_order":0,"comment_status":"closed","ping_status":"closed","template":"","meta":[],"_links":{"self":[{"href":"https:\/\/www.cabezaldeimpresion.com\/fr\/wp-json\/wp\/v2\/pages\/185"}],"collection":[{"href":"https:\/\/www.cabezaldeimpresion.com\/fr\/wp-json\/wp\/v2\/pages"}],"about":[{"href":"https:\/\/www.cabezaldeimpresion.com\/fr\/wp-json\/wp\/v2\/types\/page"}],"author":[{"embeddable":true,"href":"https:\/\/www.cabezaldeimpresion.com\/fr\/wp-json\/wp\/v2\/users\/1"}],"replies":[{"embeddable":true,"href":"https:\/\/www.cabezaldeimpresion.com\/fr\/wp-json\/wp\/v2\/comments?post=185"}],"version-history":[{"count":5,"href":"https:\/\/www.cabezaldeimpresion.com\/fr\/wp-json\/wp\/v2\/pages\/185\/revisions"}],"predecessor-version":[{"id":3872,"href":"https:\/\/www.cabezaldeimpresion.com\/fr\/wp-json\/wp\/v2\/pages\/185\/revisions\/3872"}],"wp:attachment":[{"href":"https:\/\/www.cabezaldeimpresion.com\/fr\/wp-json\/wp\/v2\/media?parent=185"}],"curies":[{"name":"wp","href":"https:\/\/api.w.org\/{rel}","templated":true}]}}