{"id":3729,"date":"2020-03-09T18:00:52","date_gmt":"2020-03-09T18:00:52","guid":{"rendered":"http:\/\/cabezaldeimpresion.belgraf.es\/?page_id=3729"},"modified":"2021-10-15T10:45:26","modified_gmt":"2021-10-15T10:45:26","slug":"aviso-legal","status":"publish","type":"page","link":"https:\/\/www.cabezaldeimpresion.com\/de\/aviso-legal\/","title":{"rendered":"Rechtliche Warnung"},"content":{"rendered":"<div      class=\"vc_row wpb_row section vc_row-fluid\" style=' text-align:left;'><div class=\"full_section_inner clearfix\"><div class=\"wpb_column vc_column_container vc_col-sm-12\"><div class=\"vc_column-inner\"><div class=\"wpb_wrapper\">\n\t<div class=\"wpb_text_column wpb_content_element\">\n\t\t<div class=\"wpb_wrapper\">\n\t\t\t<p style=\"font-weight: 400;\"><strong>IDENTIFIKATIONSDATEN<\/strong><\/p>\n<p style=\"font-weight: 400;\">In \u00dcbereinstimmung mit der Informationspflicht, die in Artikel 10 des Gesetzes 34\/2002 vom 11. Juli \u00fcber Dienste der Informationsgesellschaft und des elektronischen Gesch\u00e4ftsverkehrs enthalten ist, werden die folgenden Informationen wiedergegeben: Das Unternehmen, dem diese Website geh\u00f6rt, ist BELTRAN MU\u00d1OZ, .SL . mit Adresse Avd. Redondela, 60 - 36320 REDONDELA (Pontevedra) Spanien, E-Mail: info@belgraf.com, Telefonkontakt: 986 33 50 22, mit CIF-Nummer: B-36.846.947, eingetragen im Handelsregister von PONTEVEDRA Volume : 2236, Blatt: 138, Blatt: PO-22614,<\/p>\n<p style=\"font-weight: 400;\"><strong>ZUS\u00c4TZLICHE INFORMATIONEN ZUM DATENSCHUTZ:<\/strong><\/p>\n<p style=\"font-weight: 400;\"><strong>1)\u00a0\u00a0\u00a0\u00a0\u00a0\u00a0\u00a0<\/strong><strong>VERANTWORTLICH: Wer ist f\u00fcr die Verarbeitung Ihrer Daten verantwortlich?<\/strong><\/p>\n<p style=\"font-weight: 400;\">Identit\u00e4t: BELTRAN MU\u00d1OZ, .SL. - CIF: B-36.846.947<\/p>\n<p style=\"font-weight: 400;\">Postanschrift: Avd. Redondela, 60 36320 - Redondela (PONTEVEDRA)<\/p>\n<p style=\"font-weight: 400;\">Telefon: 986 33 50 22 -E-Mail: info@belgraf.com<\/p>\n<p style=\"font-weight: 400;\"><strong>2)\u00a0\u00a0\u00a0\u00a0\u00a0\u00a0\u00a0<\/strong><strong>ZWECK: Zu welchem Zweck verarbeiten wir Ihre personenbezogenen Daten?<\/strong><\/p>\n<p style=\"font-weight: 400;\">In BELTRAN MU\u00d1OZ, .SL. Wir behandeln die von interessierten Personen bereitgestellten Informationen zu folgenden Zwecken:<\/p>\n<p style=\"font-weight: 400;\">- Pr\u00e4sentieren Sie Budgets mit Informationen zu unseren Produkten und Dienstleistungen<\/p>\n<p style=\"font-weight: 400;\">- Stellen Sie den angeforderten Service bereit und stellen Sie ihn in Rechnung.<\/p>\n<p style=\"font-weight: 400;\"><strong>3)\u00a0\u00a0\u00a0\u00a0\u00a0\u00a0\u00a0<\/strong><strong>EINSCHR\u00c4NKUNG DER ERHALTUNGSZEIT Wie lange werden wir Ihre Daten aufbewahren?<\/strong><\/p>\n<p style=\"font-weight: 400;\">Die zur Verf\u00fcgung gestellten Daten werden so lange aufbewahrt, wie die Gesch\u00e4ftsbeziehung aufrechterhalten wird oder w\u00e4hrend der Jahre, die zur Erf\u00fcllung der gesetzlichen Verpflichtungen erforderlich sind.<\/p>\n<p style=\"font-weight: 400;\"><strong>4)\u00a0\u00a0\u00a0\u00a0\u00a0\u00a0\u00a0<\/strong><strong>LEGITIMATION: Was ist die Legitimit\u00e4t f\u00fcr die Verarbeitung Ihrer Daten?<\/strong><\/p>\n<p style=\"font-weight: 400;\">Rechtsgrundlage f\u00fcr die Behandlung der Daten ist neben dem Vertragsabschluss die Zustimmung des Interessenten.<\/p>\n<p style=\"font-weight: 400;\"><strong>5)\u00a0\u00a0\u00a0\u00a0\u00a0\u00a0\u00a0<\/strong><strong>EMPF\u00c4NGER: An welche Empf\u00e4nger werden Ihre Daten \u00fcbermittelt?<\/strong><\/p>\n<p style=\"font-weight: 400;\">Die Daten werden \u00fcbermittelt an:<\/p>\n<p style=\"font-weight: 400;\">-          Steuerverwaltung<\/p>\n<p style=\"font-weight: 400;\">- Banken und Finanzinstitute<\/p>\n<p style=\"font-weight: 400;\">- Management<\/p>\n<p style=\"font-weight: 400;\"><strong>6)\u00a0\u00a0\u00a0\u00a0\u00a0\u00a0\u00a0<\/strong><strong>RECHTE: Welche Rechte haben Sie, wenn Sie uns Ihre Daten zur Verf\u00fcgung stellen?<\/strong><\/p>\n<p style=\"font-weight: 400;\">Jeder hat das Recht, eine Best\u00e4tigung dar\u00fcber zu erhalten, ob BELTRAN MU\u00d1OZ, .SL. Wir behandeln personenbezogene Daten, die sie betreffen oder nicht.<\/p>\n<p style=\"font-weight: 400;\">Interessenten haben das Recht dazu\u00a0<strong>zugreifen<\/strong>\u00a0zu Ihren pers\u00f6nlichen Daten sowie\u00a0<strong>Berichtigung anfordern<\/strong>\u00a0von ungenauen Daten oder gegebenenfalls\u00a0<strong>fordern Sie die L\u00f6schung an<\/strong>\u00a0Wenn die Daten unter anderem f\u00fcr die Zwecke, f\u00fcr die sie erhoben wurden, nicht mehr ben\u00f6tigt werden.<\/p>\n<p style=\"font-weight: 400;\">Unter bestimmten Umst\u00e4nden k\u00f6nnen die interessierten Parteien\u00a0<strong>fordern Sie die<\/strong>\u00a0<strong>Einschr\u00e4nkung der Behandlung<\/strong>\u00a0In diesem Fall werden wir sie nur zur Aus\u00fcbung oder Verteidigung von Anspr\u00fcchen aufbewahren.<\/p>\n<p style=\"font-weight: 400;\">Unter bestimmten Umst\u00e4nden und aus Gr\u00fcnden, die mit ihrer jeweiligen Situation zusammenh\u00e4ngen, k\u00f6nnen die interessierten Parteien\u00a0<strong>Gegenstand der Behandlung<\/strong>\u00a0Ihrer Daten. BELTRAN MU\u00d1OZ, .SL. wird die Verarbeitung der Daten einstellen, au\u00dfer aus zwingenden berechtigten Gr\u00fcnden oder der Aus\u00fcbung oder Verteidigung m\u00f6glicher Anspr\u00fcche.<\/p>\n<p style=\"font-weight: 400;\">Die interessierte Partei hat das Recht, die Einwilligung jederzeit zu widerrufen, ohne die Rechtm\u00e4\u00dfigkeit der Behandlung aufgrund der Einwilligung vor ihrem Widerruf zu beeintr\u00e4chtigen.<\/p>\n<p style=\"font-weight: 400;\">Weitere Informationen zu Ihren Rechten finden Sie auf der Website der spanischen Datenschutzbeh\u00f6rde (<a href=\"https:\/\/www.agpd.es\/\">https:\/\/www.agpd.es\/<\/a>)<\/p>\n<p style=\"font-weight: 400;\">Um Ihre Rechte auszu\u00fcben, k\u00f6nnen Sie uns eine E-Mail an info@belgraf.com schreiben, in der Sie sich identifizieren m\u00fcssen, indem Sie eine Kopie Ihres Personalausweises beif\u00fcgen und das Recht, das Sie aus\u00fcben m\u00f6chten, und den Grund angeben.<\/p>\n<p style=\"font-weight: 400;\"><strong>7)\u00a0\u00a0\u00a0\u00a0\u00a0\u00a0\u00a0<\/strong><strong>HERKUNFT: Wie haben wir Ihre Daten erhalten?<\/strong><\/p>\n<p style=\"font-weight: 400;\">- Die personenbezogenen Daten, die wir in BELTRAN MU\u00d1OZ, .SL behandeln. kommen von der interessierten Partei<\/p>\n<p style=\"font-weight: 400;\">- Folgende Datenkategorien werden behandelt:<\/p>\n<ul>\n<li style=\"font-weight: 400;\">Identifikationsdaten.<\/li>\n<li style=\"font-weight: 400;\">Post- oder elektronische Adressen.<\/li>\n<li style=\"font-weight: 400;\">Wirtschaftsdaten.<\/li>\n<\/ul>\n<p style=\"font-weight: 400;\">- Speziell gesch\u00fctzte Daten werden nicht verarbeitet.<\/p>\n\n\t\t<\/div> \n\t<\/div> <\/div><\/div><\/div><\/div><\/div>","protected":false},"excerpt":{"rendered":"IDENTIFIKATIONSDATEN In \u00dcbereinstimmung mit der Informationspflicht gem\u00e4\u00df Artikel 10 des Gesetzes 34\/2002 vom 11. Juli \u00fcber Dienste der Informationsgesellschaft und des elektronischen Gesch\u00e4ftsverkehrs werden nachstehend die folgenden Daten wiedergegeben: Das Unternehmen, das Eigent\u00fcmer der...","protected":false},"author":1,"featured_media":0,"parent":0,"menu_order":0,"comment_status":"closed","ping_status":"closed","template":"","meta":[],"_links":{"self":[{"href":"https:\/\/www.cabezaldeimpresion.com\/de\/wp-json\/wp\/v2\/pages\/3729"}],"collection":[{"href":"https:\/\/www.cabezaldeimpresion.com\/de\/wp-json\/wp\/v2\/pages"}],"about":[{"href":"https:\/\/www.cabezaldeimpresion.com\/de\/wp-json\/wp\/v2\/types\/page"}],"author":[{"embeddable":true,"href":"https:\/\/www.cabezaldeimpresion.com\/de\/wp-json\/wp\/v2\/users\/1"}],"replies":[{"embeddable":true,"href":"https:\/\/www.cabezaldeimpresion.com\/de\/wp-json\/wp\/v2\/comments?post=3729"}],"version-history":[{"count":2,"href":"https:\/\/www.cabezaldeimpresion.com\/de\/wp-json\/wp\/v2\/pages\/3729\/revisions"}],"predecessor-version":[{"id":3869,"href":"https:\/\/www.cabezaldeimpresion.com\/de\/wp-json\/wp\/v2\/pages\/3729\/revisions\/3869"}],"wp:attachment":[{"href":"https:\/\/www.cabezaldeimpresion.com\/de\/wp-json\/wp\/v2\/media?parent=3729"}],"curies":[{"name":"wp","href":"https:\/\/api.w.org\/{rel}","templated":true}]}}