{"id":185,"date":"2020-01-10T11:36:32","date_gmt":"2020-01-10T11:36:32","guid":{"rendered":"http:\/\/cabezaldeimpresion.belgraf.es\/request-quote\/"},"modified":"2021-10-15T11:22:16","modified_gmt":"2021-10-15T11:22:16","slug":"solicitar-presupuesto","status":"publish","type":"page","link":"https:\/\/www.cabezaldeimpresion.com\/de\/solicitar-presupuesto\/","title":{"rendered":"Angebot anfordern"},"content":{"rendered":"<div      class=\"vc_row wpb_row section vc_row-fluid  grid_section\" style=' text-align:left;'><div class=\"section_inner clearfix\"><div class='section_inner_margin clearfix'><div class=\"wpb_column vc_column_container vc_col-sm-12\"><div class=\"vc_column-inner\"><div class=\"wpb_wrapper\">\n\t<div class=\"wpb_text_column wpb_content_element\">\n\t\t<div class=\"wpb_wrapper\">\n\t\t\t\r\n<div class=\"woocommerce ywraq-wrapper\">\r\n\r\n\t    <div id=\"yith-ywraq-message\"><div class=\"ywraq-question-message\">\r\n\t<\/div><\/div>\r\n\t\t<p class=\"ywraq_list_empty_message\">Ihre Liste wird gelesen. Bitte f\u00fcgen Sie eine oder mehrere Anfragen in die Liste ein.<p><p class=\"return-to-shop\"><a class=\"button wc-backward\" href=\"https:\/\/www.cabezaldeimpresion.com\/de\/\">R\u00fcckgabe an den Laden<\/a><\/p>\r\n\r\n\t    <\/div>\n\n\t\t<\/div> \n\t<\/div> <\/div><\/div><\/div><\/div><\/div><\/div><div      class=\"vc_row wpb_row section vc_row-fluid\" style=' text-align:left;'><div class=\"full_section_inner clearfix\"><div class=\"wpb_column vc_column_container vc_col-sm-4\"><div class=\"vc_column-inner\"><div class=\"wpb_wrapper\"><\/div><\/div><\/div><div class=\"wpb_column vc_column_container vc_col-sm-4\"><div class=\"vc_column-inner\"><div class=\"wpb_wrapper\">\n\t<div class=\"wpb_text_column wpb_content_element\">\n\t\t<div class=\"wpb_wrapper\">\n\t\t\t<p>\nSie m\u00fcssen unsere akzeptieren <a href=\"https:\/\/www.cabezaldeimpresion.com\/de\/aviso-legal\/\">Datenschutz-Bestimmungen<\/a> bevor Sie diesen Fragebogen absenden.<\/p>\n<p><strong>GRUNDLEGENDE INFORMATIONEN ZUM DATENSCHUTZ<\/strong><br \/>\nVerantwortlich: BELTRAN MU\u00d1OZ, .SL<br \/>\nZweck: Beantwortung von Anfragen \u00fcber das Webformular.<br \/>\nRechte: Zugriff, Berichtigung und L\u00f6schung der Daten sowie weitere Rechte, wie in den Zusatzinformationen erl\u00e4utert<\/p>\n\n\t\t<\/div> \n\t<\/div> <\/div><\/div><\/div><div class=\"wpb_column vc_column_container vc_col-sm-4\"><div class=\"vc_column-inner\"><div class=\"wpb_wrapper\"><\/div><\/div><\/div><\/div><\/div>","protected":false},"excerpt":{"rendered":"Ihre Liste wird gelesen. Bitte f\u00fcgen Sie eine oder mehrere Anfragen in die Liste ein.Zur\u00fcck zum Shop Sie m\u00fcssen unsere Datenschutzerkl\u00e4rung akzeptieren, bevor Sie diesen Fragebogen absenden. GRUNDLEGENDE INFORMATIONEN ZUM DATENSCHUTZ Verantwortlich: BELTRAN MU\u00d1OZ, .SL Zweck: Antwort auf...","protected":false},"author":1,"featured_media":0,"parent":0,"menu_order":0,"comment_status":"closed","ping_status":"closed","template":"","meta":[],"_links":{"self":[{"href":"https:\/\/www.cabezaldeimpresion.com\/de\/wp-json\/wp\/v2\/pages\/185"}],"collection":[{"href":"https:\/\/www.cabezaldeimpresion.com\/de\/wp-json\/wp\/v2\/pages"}],"about":[{"href":"https:\/\/www.cabezaldeimpresion.com\/de\/wp-json\/wp\/v2\/types\/page"}],"author":[{"embeddable":true,"href":"https:\/\/www.cabezaldeimpresion.com\/de\/wp-json\/wp\/v2\/users\/1"}],"replies":[{"embeddable":true,"href":"https:\/\/www.cabezaldeimpresion.com\/de\/wp-json\/wp\/v2\/comments?post=185"}],"version-history":[{"count":5,"href":"https:\/\/www.cabezaldeimpresion.com\/de\/wp-json\/wp\/v2\/pages\/185\/revisions"}],"predecessor-version":[{"id":3872,"href":"https:\/\/www.cabezaldeimpresion.com\/de\/wp-json\/wp\/v2\/pages\/185\/revisions\/3872"}],"wp:attachment":[{"href":"https:\/\/www.cabezaldeimpresion.com\/de\/wp-json\/wp\/v2\/media?parent=185"}],"curies":[{"name":"wp","href":"https:\/\/api.w.org\/{rel}","templated":true}]}}