{"id":3252,"date":"2020-03-05T06:23:35","date_gmt":"2020-03-05T06:23:35","guid":{"rendered":"http:\/\/cabezaldeimpresion.belgraf.es\/product\/clp-1000-series-2000-series-6000-series\/"},"modified":"2022-02-21T10:24:45","modified_gmt":"2022-02-21T10:24:45","slug":"cabezal-termico-citizen-clp1000-series-2000-series-6000-series-je99149","status":"publish","type":"product","link":"https:\/\/www.cabezaldeimpresion.com\/cs\/cabezal\/cabezal-termico-citizen-clp1000-series-2000-series-6000-series-je99149\/","title":{"rendered":"tepeln\u00e1 hlava Citizen CLP1000 s\u00e9rie 2000 s\u00e9rie 6000 s\u00e9rie JE99149"},"content":{"rendered":"","protected":false},"excerpt":{"rendered":"<p>Citizen CLP1000 s\u00e9rie 2000 s\u00e9rie 6000 s\u00e9rie JE99149 tepeln\u00e1 hlava 200 DPI<\/p>","protected":false},"featured_media":0,"template":"","meta":[],"_links":{"self":[{"href":"https:\/\/www.cabezaldeimpresion.com\/cs\/wp-json\/wp\/v2\/product\/3252"}],"collection":[{"href":"https:\/\/www.cabezaldeimpresion.com\/cs\/wp-json\/wp\/v2\/product"}],"about":[{"href":"https:\/\/www.cabezaldeimpresion.com\/cs\/wp-json\/wp\/v2\/types\/product"}],"wp:attachment":[{"href":"https:\/\/www.cabezaldeimpresion.com\/cs\/wp-json\/wp\/v2\/media?parent=3252"}],"curies":[{"name":"wp","href":"https:\/\/api.w.org\/{rel}","templated":true}]}}