{"id":3074,"date":"2020-03-05T06:22:49","date_gmt":"2020-03-05T06:22:49","guid":{"rendered":"http:\/\/cabezaldeimpresion.belgraf.es\/product\/2684-estratos\/"},"modified":"2022-02-21T08:07:49","modified_gmt":"2022-02-21T08:07:49","slug":"cabezal-termico-allen-2684-estratos-105911-003","status":"publish","type":"product","link":"https:\/\/www.cabezaldeimpresion.com\/cs\/cabezal\/cabezal-termico-allen-2684-estratos-105911-003\/","title":{"rendered":"Allenova tepeln\u00e1 hlava 2684 STRATOS 105911-003"},"content":{"rendered":"","protected":false},"excerpt":{"rendered":"<p>Allen 2684 term\u00e1ln\u00ed hlava ESTRATOS 105911-003 200 DPI<\/p>","protected":false},"featured_media":0,"template":"","meta":[],"_links":{"self":[{"href":"https:\/\/www.cabezaldeimpresion.com\/cs\/wp-json\/wp\/v2\/product\/3074"}],"collection":[{"href":"https:\/\/www.cabezaldeimpresion.com\/cs\/wp-json\/wp\/v2\/product"}],"about":[{"href":"https:\/\/www.cabezaldeimpresion.com\/cs\/wp-json\/wp\/v2\/types\/product"}],"wp:attachment":[{"href":"https:\/\/www.cabezaldeimpresion.com\/cs\/wp-json\/wp\/v2\/media?parent=3074"}],"curies":[{"name":"wp","href":"https:\/\/api.w.org\/{rel}","templated":true}]}}