{"id":3068,"date":"2020-03-05T06:22:49","date_gmt":"2020-03-05T06:22:49","guid":{"rendered":"http:\/\/cabezaldeimpresion.belgraf.es\/product\/axiohm\/"},"modified":"2022-02-21T09:13:24","modified_gmt":"2022-02-21T09:13:24","slug":"cabezal-termico-axiohm-axiohm-2326283","status":"publish","type":"product","link":"https:\/\/www.cabezaldeimpresion.com\/cs\/cabezal\/cabezal-termico-axiohm-axiohm-2326283\/","title":{"rendered":"tepeln\u00e1 hlava Axiohm AXIOHM 2326283"},"content":{"rendered":"","protected":false},"excerpt":{"rendered":"<p>tepeln\u00e1 hlava Axiohm AXIOHM 2326283<\/p>\n<p>Zastaral\u00fd. (vy\u017e\u00e1dejte si informace)<\/p>","protected":false},"featured_media":1262,"template":"","meta":[],"_links":{"self":[{"href":"https:\/\/www.cabezaldeimpresion.com\/cs\/wp-json\/wp\/v2\/product\/3068"}],"collection":[{"href":"https:\/\/www.cabezaldeimpresion.com\/cs\/wp-json\/wp\/v2\/product"}],"about":[{"href":"https:\/\/www.cabezaldeimpresion.com\/cs\/wp-json\/wp\/v2\/types\/product"}],"wp:featuredmedia":[{"embeddable":true,"href":"https:\/\/www.cabezaldeimpresion.com\/cs\/wp-json\/wp\/v2\/media\/1262"}],"wp:attachment":[{"href":"https:\/\/www.cabezaldeimpresion.com\/cs\/wp-json\/wp\/v2\/media?parent=3068"}],"curies":[{"name":"wp","href":"https:\/\/api.w.org\/{rel}","templated":true}]}}