{"id":3752,"date":"2020-03-16T07:52:57","date_gmt":"2020-03-16T07:52:57","guid":{"rendered":"http:\/\/cabezaldeimpresion.belgraf.es\/?page_id=3752"},"modified":"2021-10-15T10:41:00","modified_gmt":"2021-10-15T10:41:00","slug":"politica-de-privacidad-2","status":"publish","type":"page","link":"https:\/\/www.cabezaldeimpresion.com\/cs\/politica-de-privacidad-2\/","title":{"rendered":"Z\u00e1sady ochrany osobn\u00edch \u00fadaj\u016f"},"content":{"rendered":"<p style=\"font-weight: 400;\"><strong>IDENTIFIKA\u010cN\u00cd \u00daDAJE<\/strong><\/p>\n<p style=\"font-weight: 400;\">V souladu s informa\u010dn\u00ed povinnost\u00ed obsa\u017eenou v \u010dl\u00e1nku 10 z\u00e1kona 34\/2002 ze dne 11. \u010dervence, Slu\u017eby informa\u010dn\u00ed spole\u010dnosti a elektronick\u00e9ho obchodu, jsou n\u00ed\u017ee uvedeny n\u00e1sleduj\u00edc\u00ed informace: Spole\u010dnost, kter\u00e1 vlastn\u00ed tyto str\u00e1nky je BELTRAN MU\u00d1OZ, .SL . s adresou na Avd. Redondela, 60 36320 - Redondela (Pontevedra) \u0160PAN\u011aLSKO, e-mail: info@belgraf.com, kontaktn\u00ed telefon: 986 33 50 22, s \u010d\u00edslem CIF: B-36.846.947, registrov\u00e1no v obchodn\u00edm rejst\u0159\u00edku PONTEVEDRA Volume : 2236, List: 138, List: PO-22614,<\/p>\n<p style=\"font-weight: 400;\"><strong>DAL\u0160\u00cd INFORMACE O OCHRAN\u011a \u00daDAJ\u016e:<\/strong><\/p>\n<p style=\"font-weight: 400;\"><strong>1)\u00a0\u00a0\u00a0\u00a0\u00a0\u00a0\u00a0<\/strong><strong>ODPOV\u011aDN\u00dd: Kdo je odpov\u011bdn\u00fd za zpracov\u00e1n\u00ed va\u0161ich \u00fadaj\u016f?<\/strong><\/p>\n<p style=\"font-weight: 400;\">Toto\u017enost: BELTRAN MU\u00d1OZ, .SL. - CIF: B-36 846 947<\/p>\n<p style=\"font-weight: 400;\">Po\u0161tovn\u00ed adresa: Avd. Redondela, 60 36320 - Redondela (Pontevedra) \u0160PAN\u011aLSKO<\/p>\n<p style=\"font-weight: 400;\">Telefon: 986 33 50 22 -E-mail: info@belgraf.com<\/p>\n<p style=\"font-weight: 400;\"><strong>2)\u00a0\u00a0\u00a0\u00a0\u00a0\u00a0\u00a0<\/strong><strong>\u00da\u010cEL: Za jak\u00fdm \u00fa\u010delem zpracov\u00e1v\u00e1me va\u0161e osobn\u00ed \u00fadaje?<\/strong><\/p>\n<p style=\"font-weight: 400;\">V BELTRAN MU\u00d1OZ, .SL. S informacemi poskytnut\u00fdmi z\u00fa\u010dastn\u011bn\u00fdmi osobami zach\u00e1z\u00edme pro n\u00e1sleduj\u00edc\u00ed \u00fa\u010dely:<\/p>\n<p style=\"font-weight: 400;\">- Prezentujte rozpo\u010dty informacemi o na\u0161ich produktech a slu\u017eb\u00e1ch<\/p>\n<p style=\"font-weight: 400;\">- Poskytn\u011bte po\u017eadovanou slu\u017ebu a fakturujte ji.<\/p>\n<p style=\"font-weight: 400;\"><strong>3)\u00a0\u00a0\u00a0\u00a0\u00a0\u00a0\u00a0<\/strong><strong>OMEZEN\u00cd OBDOB\u00cd ZACHOV\u00c1N\u00cd Jak dlouho budeme va\u0161e \u00fadaje uchov\u00e1vat?<\/strong><\/p>\n<p style=\"font-weight: 400;\">Poskytnut\u00e9 \u00fadaje budou uchov\u00e1v\u00e1ny, dokud bude zachov\u00e1n obchodn\u00ed vztah nebo v pr\u016fb\u011bhu let nezbytn\u00fdch pro spln\u011bn\u00ed z\u00e1konn\u00fdch povinnost\u00ed.<\/p>\n<p style=\"font-weight: 400;\"><strong>4)\u00a0\u00a0\u00a0\u00a0\u00a0\u00a0\u00a0<\/strong><strong>LEGITIMACE: Jak\u00e1 je legitimita pro zpracov\u00e1n\u00ed va\u0161ich \u00fadaj\u016f?<\/strong><\/p>\n<p style=\"font-weight: 400;\">Pr\u00e1vn\u00edm z\u00e1kladem pro zach\u00e1zen\u00ed s \u00fadaji je krom\u011b uzav\u0159en\u00ed smlouvy o slu\u017eb\u00e1ch tak\u00e9 souhlas z\u00edskan\u00fd od z\u00fa\u010dastn\u011bn\u00e9 strany.<\/p>\n<p style=\"font-weight: 400;\"><strong>5)\u00a0\u00a0\u00a0\u00a0\u00a0\u00a0\u00a0<\/strong><strong>P\u0158\u00cdJEMCI: Komu p\u0159\u00edjemc\u016fm budou va\u0161e \u00fadaje sd\u011bleny?<\/strong><\/p>\n<p style=\"font-weight: 400;\">\u00dadaje budou sd\u011bleny:<\/p>\n<p style=\"font-weight: 400;\">- Spr\u00e1va dan\u00ed<\/p>\n<p style=\"font-weight: 400;\">- Banky a finan\u010dn\u00ed subjekty<\/p>\n<p style=\"font-weight: 400;\">- Veden\u00ed<\/p>\n<p style=\"font-weight: 400;\"><strong>6)\u00a0\u00a0\u00a0\u00a0\u00a0\u00a0\u00a0<\/strong><strong>PR\u00c1VA: Jak\u00e1 jsou va\u0161e pr\u00e1va, kdy\u017e n\u00e1m poskytnete sv\u00e9 \u00fadaje?<\/strong><\/p>\n<p style=\"font-weight: 400;\">Ka\u017ed\u00fd m\u00e1 pr\u00e1vo z\u00edskat potvrzen\u00ed o tom, zda BELTRAN MU\u00d1OZ, .SL. zach\u00e1z\u00edme s osobn\u00edmi \u00fadaji, kter\u00e9 se jich t\u00fdkaj\u00ed, nebo ne.<\/p>\n<p style=\"font-weight: 400;\">Zainteresovan\u00e9 osoby maj\u00ed pr\u00e1vo na\u00a0<strong>m\u00edt p\u0159\u00edstup<\/strong>\u00a0k va\u0161im osobn\u00edm \u00fadaj\u016fm a tak\u00e9\u00a0<strong>po\u017e\u00e1dat o opravu<\/strong>\u00a0nep\u0159esn\u00fdch \u00fadaj\u016f nebo p\u0159\u00edpadn\u011b\u00a0<strong>po\u017e\u00e1dat o jeho smaz\u00e1n\u00ed<\/strong>\u00a0Pokud mimo jin\u00e9 ji\u017e nejsou \u00fadaje nezbytn\u00e9 pro \u00fa\u010dely, pro kter\u00e9 byly shrom\u00e1\u017ed\u011bny.<\/p>\n<p style=\"font-weight: 400;\">Za ur\u010dit\u00fdch okolnost\u00ed mohou z\u00fa\u010dastn\u011bn\u00e9 strany\u00a0<strong>po\u017e\u00e1dat o<\/strong>\u00a0<strong>omezen\u00ed l\u00e9\u010dby<\/strong>\u00a0va\u0161ich \u00fadaj\u016f, v takov\u00e9m p\u0159\u00edpad\u011b je ponech\u00e1me pouze pro uplatn\u011bn\u00ed nebo obranu n\u00e1rok\u016f.<\/p>\n<p style=\"font-weight: 400;\">Za ur\u010dit\u00fdch okolnost\u00ed a z d\u016fvod\u016f souvisej\u00edc\u00edch s jejich konkr\u00e9tn\u00ed situac\u00ed mohou z\u00fa\u010dastn\u011bn\u00e9 strany\u00a0<strong>nam\u00edtat proti l\u00e9\u010db\u011b<\/strong>\u00a0va\u0161ich \u00fadaj\u016f. BELTRAN MU\u00d1OZ, .SL. p\u0159estane zpracov\u00e1vat \u00fadaje, s v\u00fdjimkou z\u00e1va\u017en\u00fdch legitimn\u00edch d\u016fvod\u016f nebo uplatn\u011bn\u00ed \u010di obrany mo\u017en\u00fdch n\u00e1rok\u016f.<\/p>\n<p style=\"font-weight: 400;\">Zainteresovan\u00e1 strana m\u00e1 pr\u00e1vo kdykoli odvolat souhlas, ani\u017e by to m\u011blo vliv na z\u00e1konnost zach\u00e1zen\u00ed zalo\u017een\u00e9ho na souhlasu p\u0159ed jeho odvol\u00e1n\u00edm.<\/p>\n<p style=\"font-weight: 400;\">Dal\u0161\u00ed informace o va\u0161ich pr\u00e1vech naleznete na webov\u00fdch str\u00e1nk\u00e1ch \u0160pan\u011blsk\u00e9 agentury pro ochranu \u00fadaj\u016f (<a href=\"https:\/\/www.agpd.es\/\">https:\/\/www.agpd.es\/<\/a>)<\/p>\n<p style=\"font-weight: 400;\">Chcete-li uplatnit sv\u00e1 pr\u00e1va, m\u016f\u017eete n\u00e1m napsat e-mail na adresu info@belgraf.com, ve kter\u00e9m se mus\u00edte identifikovat p\u0159ipojen\u00edm kopie sv\u00e9ho ID a uv\u00e9st pr\u00e1vo, kter\u00e9 chcete uplatnit, a d\u016fvod.<\/p>\n<p style=\"font-weight: 400;\"><strong>7)\u00a0\u00a0\u00a0\u00a0\u00a0\u00a0\u00a0<\/strong><strong>P\u016eVOD: Jak jsme z\u00edskali va\u0161e \u00fadaje?<\/strong><\/p>\n<p style=\"font-weight: 400;\">- Osobn\u00ed \u00fadaje, se kter\u00fdmi nakl\u00e1d\u00e1me v BELTRAN MU\u00d1OZ, .SL. poch\u00e1zej\u00ed od z\u00fa\u010dastn\u011bn\u00e9 strany<\/p>\n<p style=\"font-weight: 400;\">- Kategorie zpracov\u00e1van\u00fdch \u00fadaj\u016f jsou:<\/p>\n<ul>\n<li style=\"font-weight: 400;\">Identifika\u010dn\u00ed \u00fadaje.<\/li>\n<li style=\"font-weight: 400;\">Po\u0161tovn\u00ed nebo elektronick\u00e9 adresy.<\/li>\n<li style=\"font-weight: 400;\">Ekonomick\u00e9 \u00fadaje.<\/li>\n<\/ul>\n<p style=\"font-weight: 400;\">- Speci\u00e1ln\u011b chr\u00e1n\u011bn\u00e1 data nejsou zpracov\u00e1v\u00e1na.<\/p>","protected":false},"excerpt":{"rendered":"<p>IDENTIFIKA\u010cN\u00cd \u00daDAJE V souladu s informa\u010dn\u00ed povinnost\u00ed obsa\u017eenou v \u010dl\u00e1nku 10 z\u00e1kona \u010d. 34\/2002 ze dne 11. \u010dervence o slu\u017eb\u00e1ch informa\u010dn\u00ed spole\u010dnosti a elektronick\u00e9m obchodu jsou n\u00ed\u017ee uvedeny n\u00e1sleduj\u00edc\u00ed \u00fadaje: Spole\u010dnost, kter\u00e1 vlastn\u00ed\u2026<\/p>","protected":false},"author":1,"featured_media":0,"parent":0,"menu_order":0,"comment_status":"closed","ping_status":"closed","template":"","meta":[],"_links":{"self":[{"href":"https:\/\/www.cabezaldeimpresion.com\/cs\/wp-json\/wp\/v2\/pages\/3752"}],"collection":[{"href":"https:\/\/www.cabezaldeimpresion.com\/cs\/wp-json\/wp\/v2\/pages"}],"about":[{"href":"https:\/\/www.cabezaldeimpresion.com\/cs\/wp-json\/wp\/v2\/types\/page"}],"author":[{"embeddable":true,"href":"https:\/\/www.cabezaldeimpresion.com\/cs\/wp-json\/wp\/v2\/users\/1"}],"replies":[{"embeddable":true,"href":"https:\/\/www.cabezaldeimpresion.com\/cs\/wp-json\/wp\/v2\/comments?post=3752"}],"version-history":[{"count":2,"href":"https:\/\/www.cabezaldeimpresion.com\/cs\/wp-json\/wp\/v2\/pages\/3752\/revisions"}],"predecessor-version":[{"id":3867,"href":"https:\/\/www.cabezaldeimpresion.com\/cs\/wp-json\/wp\/v2\/pages\/3752\/revisions\/3867"}],"wp:attachment":[{"href":"https:\/\/www.cabezaldeimpresion.com\/cs\/wp-json\/wp\/v2\/media?parent=3752"}],"curies":[{"name":"wp","href":"https:\/\/api.w.org\/{rel}","templated":true}]}}