{"id":185,"date":"2020-01-10T11:36:32","date_gmt":"2020-01-10T11:36:32","guid":{"rendered":"http:\/\/cabezaldeimpresion.belgraf.es\/request-quote\/"},"modified":"2021-10-15T11:22:16","modified_gmt":"2021-10-15T11:22:16","slug":"solicitar-presupuesto","status":"publish","type":"page","link":"https:\/\/www.cabezaldeimpresion.com\/cs\/solicitar-presupuesto\/","title":{"rendered":"Po\u017e\u00e1dejte o rozpo\u010det"},"content":{"rendered":"<div      class=\"vc_row wpb_row section vc_row-fluid  grid_section\" style=' text-align:left;'><div class=\"section_inner clearfix\"><div class='section_inner_margin clearfix'><div class=\"wpb_column vc_column_container vc_col-sm-12\"><div class=\"vc_column-inner\"><div class=\"wpb_wrapper\">\n\t<div class=\"wpb_text_column wpb_content_element\">\n\t\t<div class=\"wpb_wrapper\">\n\t\t\t\r\n<div class=\"woocommerce ywraq-wrapper\">\r\n\r\n\t    <div id=\"yith-ywraq-message\"><div class=\"ywraq-question-message\">\r\n\t<\/div><\/div>\r\n\t\t<p class=\"ywraq_list_empty_message\">V\u00e1\u0161 seznam je pr\u00e1zdn\u00fd, p\u0159idejte do seznamu produkty a ode\u0161lete po\u017eadavek<p><p class=\"return-to-shop\"><a class=\"button wc-backward\" href=\"https:\/\/www.cabezaldeimpresion.com\/cs\/\">Vra\u0165te se do obchodu<\/a><\/p>\r\n\r\n\t    <\/div>\n\n\t\t<\/div> \n\t<\/div> <\/div><\/div><\/div><\/div><\/div><\/div><div      class=\"vc_row wpb_row section vc_row-fluid\" style=' text-align:left;'><div class=\"full_section_inner clearfix\"><div class=\"wpb_column vc_column_container vc_col-sm-4\"><div class=\"vc_column-inner\"><div class=\"wpb_wrapper\"><\/div><\/div><\/div><div class=\"wpb_column vc_column_container vc_col-sm-4\"><div class=\"vc_column-inner\"><div class=\"wpb_wrapper\">\n\t<div class=\"wpb_text_column wpb_content_element\">\n\t\t<div class=\"wpb_wrapper\">\n\t\t\t<p>\nMus\u00edte p\u0159ijmout na\u0161e <a href=\"https:\/\/www.cabezaldeimpresion.com\/cs\/aviso-legal\/\">Z\u00e1sady ochrany osobn\u00edch \u00fadaj\u016f<\/a> p\u0159ed odesl\u00e1n\u00edm tohoto dotazn\u00edku.<\/p>\n<p><strong>Z\u00c1KLADN\u00cd INFORMACE O OCHRAN\u011a \u00daDAJ\u016e<\/strong><br \/>\nOdpov\u00edd\u00e1: BELTRAN MU\u00d1OZ, .SL<br \/>\n\u00da\u010del: Odpov\u00eddejte na dotazy vznesen\u00e9 prost\u0159ednictv\u00edm webov\u00e9ho formul\u00e1\u0159e.<br \/>\nPr\u00e1va: P\u0159\u00edstup k \u00fadaj\u016fm, jejich oprava a odstran\u011bn\u00ed, jako\u017e i dal\u0161\u00ed pr\u00e1va, jak je vysv\u011btleno v dodate\u010dn\u00fdch informac\u00edch<\/p>\n\n\t\t<\/div> \n\t<\/div> <\/div><\/div><\/div><div class=\"wpb_column vc_column_container vc_col-sm-4\"><div class=\"vc_column-inner\"><div class=\"wpb_wrapper\"><\/div><\/div><\/div><\/div><\/div>","protected":false},"excerpt":{"rendered":"V\u00e1\u0161 seznam je pr\u00e1zdn\u00fd, p\u0159idejte do seznamu produkty pro odesl\u00e1n\u00ed po\u017eadavkuZp\u011bt do obchodu P\u0159ed odesl\u00e1n\u00edm tohoto dotazn\u00edku mus\u00edte p\u0159ijmout na\u0161e z\u00e1sady ochrany osobn\u00edch \u00fadaj\u016f. Z\u00c1KLADN\u00cd INFORMACE O OCHRAN\u011a DAT Odpov\u00edd\u00e1: BELTRAN MU\u00d1OZ, .SL \u00da\u010del: Odpov\u00eddat na vznesen\u00e9 dotazy...","protected":false},"author":1,"featured_media":0,"parent":0,"menu_order":0,"comment_status":"closed","ping_status":"closed","template":"","meta":[],"_links":{"self":[{"href":"https:\/\/www.cabezaldeimpresion.com\/cs\/wp-json\/wp\/v2\/pages\/185"}],"collection":[{"href":"https:\/\/www.cabezaldeimpresion.com\/cs\/wp-json\/wp\/v2\/pages"}],"about":[{"href":"https:\/\/www.cabezaldeimpresion.com\/cs\/wp-json\/wp\/v2\/types\/page"}],"author":[{"embeddable":true,"href":"https:\/\/www.cabezaldeimpresion.com\/cs\/wp-json\/wp\/v2\/users\/1"}],"replies":[{"embeddable":true,"href":"https:\/\/www.cabezaldeimpresion.com\/cs\/wp-json\/wp\/v2\/comments?post=185"}],"version-history":[{"count":5,"href":"https:\/\/www.cabezaldeimpresion.com\/cs\/wp-json\/wp\/v2\/pages\/185\/revisions"}],"predecessor-version":[{"id":3872,"href":"https:\/\/www.cabezaldeimpresion.com\/cs\/wp-json\/wp\/v2\/pages\/185\/revisions\/3872"}],"wp:attachment":[{"href":"https:\/\/www.cabezaldeimpresion.com\/cs\/wp-json\/wp\/v2\/media?parent=185"}],"curies":[{"name":"wp","href":"https:\/\/api.w.org\/{rel}","templated":true}]}}