{"id":3824,"date":"2021-08-25T07:14:41","date_gmt":"2021-08-25T07:14:41","guid":{"rendered":"https:\/\/www.cabezaldeimpresion.com\/?post_type=product&#038;p=3824"},"modified":"2022-02-22T08:48:32","modified_gmt":"2022-02-22T08:48:32","slug":"cabezal-termico-espera-esd204-kpg-106-12ta01","status":"publish","type":"product","link":"https:\/\/www.cabezaldeimpresion.com\/ar\/cabezal\/cabezal-termico-espera-esd204-kpg-106-12ta01\/","title":{"rendered":"cabezal termico Espera ESD204 KPG-106-12TA01"},"content":{"rendered":"","protected":false},"excerpt":{"rendered":"<p>Cabezal t\u00e9rmico de impresi\u00f3n Espera ESD204 560385 KPG-106-12TA01 sin placa met\u00e1lica<\/p>","protected":false},"featured_media":3826,"template":"","meta":[],"_links":{"self":[{"href":"https:\/\/www.cabezaldeimpresion.com\/ar\/wp-json\/wp\/v2\/product\/3824"}],"collection":[{"href":"https:\/\/www.cabezaldeimpresion.com\/ar\/wp-json\/wp\/v2\/product"}],"about":[{"href":"https:\/\/www.cabezaldeimpresion.com\/ar\/wp-json\/wp\/v2\/types\/product"}],"wp:featuredmedia":[{"embeddable":true,"href":"https:\/\/www.cabezaldeimpresion.com\/ar\/wp-json\/wp\/v2\/media\/3826"}],"wp:attachment":[{"href":"https:\/\/www.cabezaldeimpresion.com\/ar\/wp-json\/wp\/v2\/media?parent=3824"}],"curies":[{"name":"wp","href":"https:\/\/api.w.org\/{rel}","templated":true}]}}